{"id":1653,"date":"2019-08-14T09:14:58","date_gmt":"2019-08-14T09:14:58","guid":{"rendered":"https:\/\/ccreadysites.cyberchimps.com\/photography-studio\/?page_id=36"},"modified":"2026-02-16T15:55:42","modified_gmt":"2026-02-16T14:55:42","slug":"sobre-mi","status":"publish","type":"page","link":"https:\/\/fotopoly.eus\/eu\/sobre-mi\/","title":{"rendered":"Sobre mi"},"content":{"rendered":"<div data-elementor-type=\"wp-post\" data-elementor-id=\"1653\" class=\"elementor elementor-1653\">\n\t\t\t\t\t\t<section class=\"elementor-section elementor-top-section elementor-element elementor-element-62ff0b3 elementor-section-stretched elementor-section-boxed elementor-section-height-default elementor-section-height-default\" data-id=\"62ff0b3\" data-element_type=\"section\" data-e-type=\"section\" data-settings=\"{&quot;stretch_section&quot;:&quot;section-stretched&quot;,&quot;background_background&quot;:&quot;classic&quot;}\">\n\t\t\t\t\t\t<div class=\"elementor-container elementor-column-gap-default\">\n\t\t\t\t\t<div class=\"elementor-column elementor-col-100 elementor-top-column elementor-element elementor-element-4a9df18\" data-id=\"4a9df18\" data-element_type=\"column\" data-e-type=\"column\">\n\t\t\t<div class=\"elementor-widget-wrap elementor-element-populated\">\n\t\t\t\t\t\t<section class=\"elementor-section elementor-inner-section elementor-element elementor-element-e7f8f50 elementor-section-boxed elementor-section-height-default elementor-section-height-default\" data-id=\"e7f8f50\" data-element_type=\"section\" data-e-type=\"section\">\n\t\t\t\t\t\t<div class=\"elementor-container elementor-column-gap-default\">\n\t\t\t\t\t<div class=\"elementor-column elementor-col-100 elementor-inner-column elementor-element elementor-element-bd55e95\" data-id=\"bd55e95\" data-element_type=\"column\" data-e-type=\"column\">\n\t\t\t<div class=\"elementor-widget-wrap elementor-element-populated\">\n\t\t\t\t\t\t<div class=\"elementor-element elementor-element-450d5c4 elementor-widget elementor-widget-heading\" data-id=\"450d5c4\" data-element_type=\"widget\" data-e-type=\"widget\" data-widget_type=\"heading.default\">\n\t\t\t\t\t<h2 class=\"elementor-heading-title elementor-size-default\">SOBRE MI<\/h2>\t\t\t\t<\/div>\n\t\t\t\t\t<\/div>\n\t\t<\/div>\n\t\t\t\t\t<\/div>\n\t\t<\/section>\n\t\t\t\t<section class=\"elementor-section elementor-inner-section elementor-element elementor-element-c781b29 elementor-section-boxed elementor-section-height-default elementor-section-height-default\" data-id=\"c781b29\" data-element_type=\"section\" data-e-type=\"section\">\n\t\t\t\t\t\t<div class=\"elementor-container elementor-column-gap-default\">\n\t\t\t\t\t<div class=\"elementor-column elementor-col-50 elementor-inner-column elementor-element elementor-element-529faaa\" data-id=\"529faaa\" data-element_type=\"column\" data-e-type=\"column\">\n\t\t\t<div class=\"elementor-widget-wrap elementor-element-populated\">\n\t\t\t\t\t\t<div class=\"elementor-element elementor-element-2e9782a elementor-widget elementor-widget-heading\" data-id=\"2e9782a\" data-element_type=\"widget\" data-e-type=\"widget\" data-widget_type=\"heading.default\">\n\t\t\t\t\t<h3 class=\"elementor-heading-title elementor-size-default\">MAIALEN ANDRES - FOT\u00d3GRAFA PROFESIONAL<\/h3>\t\t\t\t<\/div>\n\t\t\t\t<div class=\"elementor-element elementor-element-b7564e3 elementor-widget elementor-widget-heading\" data-id=\"b7564e3\" data-element_type=\"widget\" data-e-type=\"widget\" data-widget_type=\"heading.default\">\n\t\t\t\t\t<span class=\"elementor-heading-title elementor-size-default\">Hola, soy Maialen Andres, fot\u00f3grafa y amante de las historias que se esconden en los gestos, las miradas y los peque\u00f1os detalles.<br>\n<br>Mi c\u00e1mara es mi forma de mirar el mundo y de guardar emociones reales, esas que suceden sin posar y que merecen ser recordadas.<br><br>\nCreo en la fotograf\u00eda natural, la que conecta y cuenta qui\u00e9nes somos de verdad.<br><br>\nMe gusta crear un ambiente tranquilo, donde puedas ser t\u00fa mismo y las im\u00e1genes fluyan con autenticidad.<br><br>\nM\u00e1s que hacer fotos, busco capturar momentos que se sientan \u2014porque para m\u00ed, la fotograf\u00eda es una forma de mirar, de sentir y de recordar.\n\n\n\n\n\n\n<\/span>\t\t\t\t<\/div>\n\t\t\t\t<div class=\"elementor-element elementor-element-9d9a372 elementor-align-left elementor-widget elementor-widget-button\" data-id=\"9d9a372\" data-element_type=\"widget\" data-e-type=\"widget\" data-widget_type=\"button.default\">\n\t\t\t\t\t\t\t\t\t\t<a class=\"elementor-button elementor-button-link elementor-size-sm\" href=\"https:\/\/fotopoly.eus\/eu\/contacto\/\">\n\t\t\t\t\t\t<span class=\"elementor-button-content-wrapper\">\n\t\t\t\t\t\t\t\t\t<span class=\"elementor-button-text\">Trabajemos juntos<\/span>\n\t\t\t\t\t<\/span>\n\t\t\t\t\t<\/a>\n\t\t\t\t\t\t\t\t<\/div>\n\t\t\t\t\t<\/div>\n\t\t<\/div>\n\t\t\t\t<div class=\"elementor-column elementor-col-50 elementor-inner-column elementor-element elementor-element-26c02c3\" data-id=\"26c02c3\" data-element_type=\"column\" data-e-type=\"column\">\n\t\t\t<div class=\"elementor-widget-wrap elementor-element-populated\">\n\t\t\t\t\t\t<div class=\"elementor-element elementor-element-2a15900 elementor-widget elementor-widget-image\" data-id=\"2a15900\" data-element_type=\"widget\" data-e-type=\"widget\" data-widget_type=\"image.default\">\n\t\t\t\t\t\t\t\t\t\t\t\t\t\t\t<img fetchpriority=\"high\" decoding=\"async\" width=\"1783\" height=\"1702\" src=\"https:\/\/fotopoly.eus\/wp-content\/uploads\/2026\/02\/59B5563-scaled-e1771246794647.jpg\" class=\"attachment-full size-full wp-image-2617\" alt=\"\" srcset=\"https:\/\/fotopoly.eus\/wp-content\/uploads\/2026\/02\/59B5563-scaled-e1771246794647.jpg 1783w, https:\/\/fotopoly.eus\/wp-content\/uploads\/2026\/02\/59B5563-scaled-e1771246794647-300x286.jpg 300w, https:\/\/fotopoly.eus\/wp-content\/uploads\/2026\/02\/59B5563-scaled-e1771246794647-1024x977.jpg 1024w, https:\/\/fotopoly.eus\/wp-content\/uploads\/2026\/02\/59B5563-scaled-e1771246794647-768x733.jpg 768w, https:\/\/fotopoly.eus\/wp-content\/uploads\/2026\/02\/59B5563-scaled-e1771246794647-1536x1466.jpg 1536w, https:\/\/fotopoly.eus\/wp-content\/uploads\/2026\/02\/59B5563-scaled-e1771246794647-100x95.jpg 100w, https:\/\/fotopoly.eus\/wp-content\/uploads\/2026\/02\/59B5563-scaled-e1771246794647-150x143.jpg 150w, https:\/\/fotopoly.eus\/wp-content\/uploads\/2026\/02\/59B5563-scaled-e1771246794647-200x191.jpg 200w, https:\/\/fotopoly.eus\/wp-content\/uploads\/2026\/02\/59B5563-scaled-e1771246794647-450x430.jpg 450w, https:\/\/fotopoly.eus\/wp-content\/uploads\/2026\/02\/59B5563-scaled-e1771246794647-600x573.jpg 600w, https:\/\/fotopoly.eus\/wp-content\/uploads\/2026\/02\/59B5563-scaled-e1771246794647-900x859.jpg 900w\" sizes=\"(max-width: 1783px) 100vw, 1783px\" \/>\t\t\t\t\t\t\t\t\t\t\t\t\t\t\t<\/div>\n\t\t\t\t\t<\/div>\n\t\t<\/div>\n\t\t\t\t\t<\/div>\n\t\t<\/section>\n\t\t\t\t\t<\/div>\n\t\t<\/div>\n\t\t\t\t\t<\/div>\n\t\t<\/section>\n\t\t\t\t<section class=\"elementor-section elementor-top-section elementor-element elementor-element-367b1d9 elementor-section-boxed elementor-section-height-default elementor-section-height-default\" data-id=\"367b1d9\" data-element_type=\"section\" data-e-type=\"section\">\n\t\t\t\t\t\t<div class=\"elementor-container elementor-column-gap-default\">\n\t\t\t\t\t<div class=\"elementor-column elementor-col-100 elementor-top-column elementor-element elementor-element-cd37d49\" data-id=\"cd37d49\" data-element_type=\"column\" data-e-type=\"column\">\n\t\t\t<div class=\"elementor-widget-wrap elementor-element-populated\">\n\t\t\t\t\t\t<div class=\"elementor-element elementor-element-b9ca4fc elementor-widget elementor-widget-heading\" data-id=\"b9ca4fc\" data-element_type=\"widget\" data-e-type=\"widget\" data-widget_type=\"heading.default\">\n\t\t\t\t\t<h2 class=\"elementor-heading-title elementor-size-default\">MIS PROYECTOS<\/h2>\t\t\t\t<\/div>\n\t\t\t\t\t<\/div>\n\t\t<\/div>\n\t\t\t\t\t<\/div>\n\t\t<\/section>\n\t\t\t\t<section class=\"elementor-section elementor-top-section elementor-element elementor-element-5259280 elementor-section-full_width elementor-section-height-default elementor-section-height-default\" data-id=\"5259280\" data-element_type=\"section\" data-e-type=\"section\">\n\t\t\t\t\t\t<div class=\"elementor-container elementor-column-gap-default\">\n\t\t\t\t\t<div class=\"elementor-column elementor-col-100 elementor-top-column elementor-element elementor-element-5ef935e\" data-id=\"5ef935e\" data-element_type=\"column\" data-e-type=\"column\">\n\t\t\t<div class=\"elementor-widget-wrap elementor-element-populated\">\n\t\t\t\t\t\t<div class=\"elementor-element elementor-element-209c1c6 elementor-widget elementor-widget-image-carousel\" data-id=\"209c1c6\" data-element_type=\"widget\" data-e-type=\"widget\" data-settings=\"{&quot;slides_to_show&quot;:&quot;2&quot;,&quot;slides_to_scroll&quot;:&quot;2&quot;,&quot;navigation&quot;:&quot;none&quot;,&quot;pause_on_hover&quot;:&quot;no&quot;,&quot;pause_on_interaction&quot;:&quot;no&quot;,&quot;image_spacing_custom&quot;:{&quot;unit&quot;:&quot;px&quot;,&quot;size&quot;:10,&quot;sizes&quot;:[]},&quot;autoplay&quot;:&quot;yes&quot;,&quot;autoplay_speed&quot;:5000,&quot;infinite&quot;:&quot;yes&quot;,&quot;speed&quot;:500,&quot;image_spacing_custom_tablet&quot;:{&quot;unit&quot;:&quot;px&quot;,&quot;size&quot;:&quot;&quot;,&quot;sizes&quot;:[]},&quot;image_spacing_custom_mobile&quot;:{&quot;unit&quot;:&quot;px&quot;,&quot;size&quot;:&quot;&quot;,&quot;sizes&quot;:[]}}\" data-widget_type=\"image-carousel.default\">\n\t\t\t\t\t\t\t<div class=\"elementor-image-carousel-wrapper swiper\" role=\"region\" aria-roledescription=\"carousel\" aria-label=\"Image Carousel\" dir=\"ltr\">\n\t\t\t<div class=\"elementor-image-carousel swiper-wrapper\" aria-live=\"off\">\n\t\t\t\t\t\t\t\t<div class=\"swiper-slide\" role=\"group\" aria-roledescription=\"slide\" aria-label=\"1 of 14\" data-no-translation-aria-label=\"\"><figure class=\"swiper-slide-inner\"><img decoding=\"async\" class=\"swiper-slide-image\" src=\"https:\/\/fotopoly.eus\/wp-content\/uploads\/2026\/02\/18-scaled-e1771242841572.jpg\" alt=\"fotos de bodas\" \/><\/figure><\/div><div class=\"swiper-slide\" role=\"group\" aria-roledescription=\"slide\" aria-label=\"2 of 14\" data-no-translation-aria-label=\"\"><figure class=\"swiper-slide-inner\"><img decoding=\"async\" class=\"swiper-slide-image\" src=\"https:\/\/fotopoly.eus\/wp-content\/uploads\/2026\/02\/F_080-scaled.jpg\" alt=\"F_080\" \/><\/figure><\/div><div class=\"swiper-slide\" role=\"group\" aria-roledescription=\"slide\" aria-label=\"3 of 14\" data-no-translation-aria-label=\"\"><figure class=\"swiper-slide-inner\"><img decoding=\"async\" class=\"swiper-slide-image\" src=\"https:\/\/fotopoly.eus\/wp-content\/uploads\/2026\/02\/52A3401-scaled.jpg\" alt=\"fotografa comuniones\" \/><\/figure><\/div><div class=\"swiper-slide\" role=\"group\" aria-roledescription=\"slide\" aria-label=\"4 of 14\" data-no-translation-aria-label=\"\"><figure class=\"swiper-slide-inner\"><img decoding=\"async\" class=\"swiper-slide-image\" src=\"https:\/\/fotopoly.eus\/wp-content\/uploads\/2026\/02\/F_045-scaled.jpeg\" alt=\"foto publicidad\" \/><\/figure><\/div><div class=\"swiper-slide\" role=\"group\" aria-roledescription=\"slide\" aria-label=\"5 of 14\" data-no-translation-aria-label=\"\"><figure class=\"swiper-slide-inner\"><img decoding=\"async\" class=\"swiper-slide-image\" src=\"https:\/\/fotopoly.eus\/wp-content\/uploads\/2026\/02\/F_053-scaled.jpeg\" alt=\"F_053\" \/><\/figure><\/div><div class=\"swiper-slide\" role=\"group\" aria-roledescription=\"slide\" aria-label=\"6 of 14\" data-no-translation-aria-label=\"\"><figure class=\"swiper-slide-inner\"><img decoding=\"async\" class=\"swiper-slide-image\" src=\"https:\/\/fotopoly.eus\/wp-content\/uploads\/2026\/02\/F_060-scaled.jpeg\" alt=\"F_060\" \/><\/figure><\/div><div class=\"swiper-slide\" role=\"group\" aria-roledescription=\"slide\" aria-label=\"7 of 14\" data-no-translation-aria-label=\"\"><figure class=\"swiper-slide-inner\"><img decoding=\"async\" class=\"swiper-slide-image\" src=\"https:\/\/fotopoly.eus\/wp-content\/uploads\/2026\/02\/59B0025-scaled.jpg\" alt=\"_59B0025\" \/><\/figure><\/div><div class=\"swiper-slide\" role=\"group\" aria-roledescription=\"slide\" aria-label=\"8 of 14\" data-no-translation-aria-label=\"\"><figure class=\"swiper-slide-inner\"><img decoding=\"async\" class=\"swiper-slide-image\" src=\"https:\/\/fotopoly.eus\/wp-content\/uploads\/2026\/02\/2-scaled.jpg\" alt=\"fotografia bodas\" \/><\/figure><\/div><div class=\"swiper-slide\" role=\"group\" aria-roledescription=\"slide\" aria-label=\"9 of 14\" data-no-translation-aria-label=\"\"><figure class=\"swiper-slide-inner\"><img decoding=\"async\" class=\"swiper-slide-image\" src=\"https:\/\/fotopoly.eus\/wp-content\/uploads\/2026\/02\/15x20_59B3393.jpg\" alt=\"15x20_59B3393\" \/><\/figure><\/div><div class=\"swiper-slide\" role=\"group\" aria-roledescription=\"slide\" aria-label=\"10 of 14\" data-no-translation-aria-label=\"\"><figure class=\"swiper-slide-inner\"><img decoding=\"async\" class=\"swiper-slide-image\" src=\"https:\/\/fotopoly.eus\/wp-content\/uploads\/2026\/02\/59B7585-scaled.jpg\" alt=\"_59B7585\" \/><\/figure><\/div><div class=\"swiper-slide\" role=\"group\" aria-roledescription=\"slide\" aria-label=\"11 of 14\" data-no-translation-aria-label=\"\"><figure class=\"swiper-slide-inner\"><img decoding=\"async\" class=\"swiper-slide-image\" src=\"https:\/\/fotopoly.eus\/wp-content\/uploads\/2026\/02\/F_048-scaled.jpeg\" alt=\"fotografia profesional san sebastian\" \/><\/figure><\/div><div class=\"swiper-slide\" role=\"group\" aria-roledescription=\"slide\" aria-label=\"12 of 14\" data-no-translation-aria-label=\"\"><figure class=\"swiper-slide-inner\"><img decoding=\"async\" class=\"swiper-slide-image\" src=\"https:\/\/fotopoly.eus\/wp-content\/uploads\/2026\/02\/F_088-scaled.jpg\" alt=\"F_088\" \/><\/figure><\/div><div class=\"swiper-slide\" role=\"group\" aria-roledescription=\"slide\" aria-label=\"13 of 14\" data-no-translation-aria-label=\"\"><figure class=\"swiper-slide-inner\"><img decoding=\"async\" class=\"swiper-slide-image\" src=\"https:\/\/fotopoly.eus\/wp-content\/uploads\/2026\/02\/F_005-scaled.jpg\" alt=\"fotografa profesional\" \/><\/figure><\/div><div class=\"swiper-slide\" role=\"group\" aria-roledescription=\"slide\" aria-label=\"14 of 14\" data-no-translation-aria-label=\"\"><figure class=\"swiper-slide-inner\"><img decoding=\"async\" class=\"swiper-slide-image\" src=\"https:\/\/fotopoly.eus\/wp-content\/uploads\/2026\/02\/F_054-scaled.jpeg\" alt=\"F_054\" \/><\/figure><\/div>\t\t\t<\/div>\n\t\t\t\t\t\t\t\n\t\t\t\t\t\t\t\t\t<\/div>\n\t\t\t\t\t\t<\/div>\n\t\t\t\t\t<\/div>\n\t\t<\/div>\n\t\t\t\t\t<\/div>\n\t\t<\/section>\n\t\t\t\t<\/div>","protected":false},"excerpt":{"rendered":"<p>SOBRE MI MAIALEN ANDRES &#8211; FOT\u00d3GRAFA PROFESIONAL Hola, soy Maialen Andres, fot\u00f3grafa y amante de las historias que se esconden en los gestos, las miradas y los peque\u00f1os detalles. Mi c\u00e1mara es mi forma de mirar el mundo y de &hellip;<\/p>\n<p class=\"read-more\"> <a class=\"more-link\" href=\"https:\/\/fotopoly.eus\/eu\/sobre-mi\/\"> <span class=\"screen-reader-text\">Sobre mi<\/span> Read More &raquo;<\/a><\/p>","protected":false},"author":1,"featured_media":0,"parent":0,"menu_order":0,"comment_status":"closed","ping_status":"closed","template":"elementor_header_footer","meta":{"footnotes":""},"class_list":["post-1653","page","type-page","status-publish","hentry"],"yoast_head":"<!-- This site is optimized with the Yoast SEO plugin v27.4 - https:\/\/yoast.com\/product\/yoast-seo-wordpress\/ -->\n<title>Sobre mi - Foto Poly Argazkiak - Fot\u00f3grafo en Errenteria<\/title>\n<meta name=\"robots\" content=\"index, follow, max-snippet:-1, max-image-preview:large, max-video-preview:-1\" \/>\n<link rel=\"canonical\" href=\"https:\/\/fotopoly.eus\/eu\/sobre-mi\/\" \/>\n<meta property=\"og:locale\" content=\"en_US\" \/>\n<meta property=\"og:type\" content=\"article\" \/>\n<meta property=\"og:title\" content=\"Sobre mi - Foto Poly Argazkiak - Fot\u00f3grafo en Errenteria\" \/>\n<meta property=\"og:description\" content=\"SOBRE MI MAIALEN ANDRES &#8211; FOT\u00d3GRAFA PROFESIONAL Hola, soy Maialen Andres, fot\u00f3grafa y amante de las historias que se esconden en los gestos, las miradas y los peque\u00f1os detalles. Mi c\u00e1mara es mi forma de mirar el mundo y de &hellip; Sobre mi Read More &raquo;\" \/>\n<meta property=\"og:url\" content=\"https:\/\/fotopoly.eus\/eu\/sobre-mi\/\" \/>\n<meta property=\"og:site_name\" content=\"Foto Poly Argazkiak - Fot\u00f3grafo en Errenteria\" \/>\n<meta property=\"article:modified_time\" content=\"2026-02-16T14:55:42+00:00\" \/>\n<meta property=\"og:image\" content=\"https:\/\/fotopoly.eus\/wp-content\/uploads\/2026\/02\/59B5563-scaled-e1771246794647.jpg\" \/>\n<meta name=\"twitter:card\" content=\"summary_large_image\" \/>\n<meta name=\"twitter:label1\" content=\"Est. reading time\" \/>\n\t<meta name=\"twitter:data1\" content=\"1 minutua\" \/>\n<script type=\"application\/ld+json\" class=\"yoast-schema-graph\">{\"@context\":\"https:\\\/\\\/schema.org\",\"@graph\":[{\"@type\":\"WebPage\",\"@id\":\"https:\\\/\\\/fotopoly.eus\\\/eu\\\/sobre-mi\\\/\",\"url\":\"https:\\\/\\\/fotopoly.eus\\\/eu\\\/sobre-mi\\\/\",\"name\":\"Sobre mi - Foto Poly Argazkiak - Fot\u00f3grafo en Errenteria\",\"isPartOf\":{\"@id\":\"https:\\\/\\\/snow-flamingo-245588.hostingersite.com\\\/#website\"},\"primaryImageOfPage\":{\"@id\":\"https:\\\/\\\/fotopoly.eus\\\/eu\\\/sobre-mi\\\/#primaryimage\"},\"image\":{\"@id\":\"https:\\\/\\\/fotopoly.eus\\\/eu\\\/sobre-mi\\\/#primaryimage\"},\"thumbnailUrl\":\"https:\\\/\\\/fotopoly.eus\\\/wp-content\\\/uploads\\\/2026\\\/02\\\/59B5563-scaled-e1771246794647.jpg\",\"datePublished\":\"2019-08-14T09:14:58+00:00\",\"dateModified\":\"2026-02-16T14:55:42+00:00\",\"breadcrumb\":{\"@id\":\"https:\\\/\\\/fotopoly.eus\\\/eu\\\/sobre-mi\\\/#breadcrumb\"},\"inLanguage\":\"eu\",\"potentialAction\":[{\"@type\":\"ReadAction\",\"target\":[\"https:\\\/\\\/fotopoly.eus\\\/eu\\\/sobre-mi\\\/\"]}]},{\"@type\":\"ImageObject\",\"inLanguage\":\"eu\",\"@id\":\"https:\\\/\\\/fotopoly.eus\\\/eu\\\/sobre-mi\\\/#primaryimage\",\"url\":\"https:\\\/\\\/fotopoly.eus\\\/wp-content\\\/uploads\\\/2026\\\/02\\\/59B5563-scaled-e1771246794647.jpg\",\"contentUrl\":\"https:\\\/\\\/fotopoly.eus\\\/wp-content\\\/uploads\\\/2026\\\/02\\\/59B5563-scaled-e1771246794647.jpg\"},{\"@type\":\"BreadcrumbList\",\"@id\":\"https:\\\/\\\/fotopoly.eus\\\/eu\\\/sobre-mi\\\/#breadcrumb\",\"itemListElement\":[{\"@type\":\"ListItem\",\"position\":1,\"name\":\"Portada\",\"item\":\"https:\\\/\\\/snow-flamingo-245588.hostingersite.com\\\/\"},{\"@type\":\"ListItem\",\"position\":2,\"name\":\"Sobre mi\"}]},{\"@type\":\"WebSite\",\"@id\":\"https:\\\/\\\/snow-flamingo-245588.hostingersite.com\\\/#website\",\"url\":\"https:\\\/\\\/snow-flamingo-245588.hostingersite.com\\\/\",\"name\":\"Foto Poly Argazkiak - Fot\u00f3grafo en Errenteria\",\"description\":\"Sesiones en estudio y exterior, retratos y eventos, revelado y copias al momento. Imprime tus fotos con calidad profesional y buen asesoramiento.\",\"publisher\":{\"@id\":\"https:\\\/\\\/snow-flamingo-245588.hostingersite.com\\\/#organization\"},\"potentialAction\":[{\"@type\":\"SearchAction\",\"target\":{\"@type\":\"EntryPoint\",\"urlTemplate\":\"https:\\\/\\\/snow-flamingo-245588.hostingersite.com\\\/?s={search_term_string}\"},\"query-input\":{\"@type\":\"PropertyValueSpecification\",\"valueRequired\":true,\"valueName\":\"search_term_string\"}}],\"inLanguage\":\"eu\"},{\"@type\":\"Organization\",\"@id\":\"https:\\\/\\\/snow-flamingo-245588.hostingersite.com\\\/#organization\",\"name\":\"Foto Poly Argazkiak\",\"url\":\"https:\\\/\\\/snow-flamingo-245588.hostingersite.com\\\/\",\"logo\":{\"@type\":\"ImageObject\",\"inLanguage\":\"eu\",\"@id\":\"https:\\\/\\\/snow-flamingo-245588.hostingersite.com\\\/#\\\/schema\\\/logo\\\/image\\\/\",\"url\":\"https:\\\/\\\/fotopoly.eus\\\/wp-content\\\/uploads\\\/2025\\\/11\\\/cropped-logoFotoPolyHorizontal_nobg.png\",\"contentUrl\":\"https:\\\/\\\/fotopoly.eus\\\/wp-content\\\/uploads\\\/2025\\\/11\\\/cropped-logoFotoPolyHorizontal_nobg.png\",\"width\":904,\"height\":283,\"caption\":\"Foto Poly Argazkiak\"},\"image\":{\"@id\":\"https:\\\/\\\/snow-flamingo-245588.hostingersite.com\\\/#\\\/schema\\\/logo\\\/image\\\/\"}}]}<\/script>\n<!-- \/ Yoast SEO plugin. -->","yoast_head_json":{"title":"Sobre mi - Foto Poly Argazkiak - Fot\u00f3grafo en Errenteria","robots":{"index":"index","follow":"follow","max-snippet":"max-snippet:-1","max-image-preview":"max-image-preview:large","max-video-preview":"max-video-preview:-1"},"canonical":"https:\/\/fotopoly.eus\/eu\/sobre-mi\/","og_locale":"en_US","og_type":"article","og_title":"Sobre mi - Foto Poly Argazkiak - Fot\u00f3grafo en Errenteria","og_description":"SOBRE MI MAIALEN ANDRES &#8211; FOT\u00d3GRAFA PROFESIONAL Hola, soy Maialen Andres, fot\u00f3grafa y amante de las historias que se esconden en los gestos, las miradas y los peque\u00f1os detalles. Mi c\u00e1mara es mi forma de mirar el mundo y de &hellip; Sobre mi Read More &raquo;","og_url":"https:\/\/fotopoly.eus\/eu\/sobre-mi\/","og_site_name":"Foto Poly Argazkiak - Fot\u00f3grafo en Errenteria","article_modified_time":"2026-02-16T14:55:42+00:00","og_image":[{"url":"https:\/\/fotopoly.eus\/wp-content\/uploads\/2026\/02\/59B5563-scaled-e1771246794647.jpg","type":"","width":"","height":""}],"twitter_card":"summary_large_image","twitter_misc":{"Est. reading time":"1 minutua"},"schema":{"@context":"https:\/\/schema.org","@graph":[{"@type":"WebPage","@id":"https:\/\/fotopoly.eus\/eu\/sobre-mi\/","url":"https:\/\/fotopoly.eus\/eu\/sobre-mi\/","name":"Sobre mi - Foto Poly Argazkiak - Fot\u00f3grafo en Errenteria","isPartOf":{"@id":"https:\/\/snow-flamingo-245588.hostingersite.com\/#website"},"primaryImageOfPage":{"@id":"https:\/\/fotopoly.eus\/eu\/sobre-mi\/#primaryimage"},"image":{"@id":"https:\/\/fotopoly.eus\/eu\/sobre-mi\/#primaryimage"},"thumbnailUrl":"https:\/\/fotopoly.eus\/wp-content\/uploads\/2026\/02\/59B5563-scaled-e1771246794647.jpg","datePublished":"2019-08-14T09:14:58+00:00","dateModified":"2026-02-16T14:55:42+00:00","breadcrumb":{"@id":"https:\/\/fotopoly.eus\/eu\/sobre-mi\/#breadcrumb"},"inLanguage":"eu","potentialAction":[{"@type":"ReadAction","target":["https:\/\/fotopoly.eus\/eu\/sobre-mi\/"]}]},{"@type":"ImageObject","inLanguage":"eu","@id":"https:\/\/fotopoly.eus\/eu\/sobre-mi\/#primaryimage","url":"https:\/\/fotopoly.eus\/wp-content\/uploads\/2026\/02\/59B5563-scaled-e1771246794647.jpg","contentUrl":"https:\/\/fotopoly.eus\/wp-content\/uploads\/2026\/02\/59B5563-scaled-e1771246794647.jpg"},{"@type":"BreadcrumbList","@id":"https:\/\/fotopoly.eus\/eu\/sobre-mi\/#breadcrumb","itemListElement":[{"@type":"ListItem","position":1,"name":"Portada","item":"https:\/\/snow-flamingo-245588.hostingersite.com\/"},{"@type":"ListItem","position":2,"name":"Sobre mi"}]},{"@type":"WebSite","@id":"https:\/\/snow-flamingo-245588.hostingersite.com\/#website","url":"https:\/\/snow-flamingo-245588.hostingersite.com\/","name":"Foto Poly Argazkiak - Fot\u00f3grafo en Errenteria","description":"Sesiones en estudio y exterior, retratos y eventos, revelado y copias al momento. Imprime tus fotos con calidad profesional y buen asesoramiento.","publisher":{"@id":"https:\/\/snow-flamingo-245588.hostingersite.com\/#organization"},"potentialAction":[{"@type":"SearchAction","target":{"@type":"EntryPoint","urlTemplate":"https:\/\/snow-flamingo-245588.hostingersite.com\/?s={search_term_string}"},"query-input":{"@type":"PropertyValueSpecification","valueRequired":true,"valueName":"search_term_string"}}],"inLanguage":"eu"},{"@type":"Organization","@id":"https:\/\/snow-flamingo-245588.hostingersite.com\/#organization","name":"Foto Poly Argazkiak","url":"https:\/\/snow-flamingo-245588.hostingersite.com\/","logo":{"@type":"ImageObject","inLanguage":"eu","@id":"https:\/\/snow-flamingo-245588.hostingersite.com\/#\/schema\/logo\/image\/","url":"https:\/\/fotopoly.eus\/wp-content\/uploads\/2025\/11\/cropped-logoFotoPolyHorizontal_nobg.png","contentUrl":"https:\/\/fotopoly.eus\/wp-content\/uploads\/2025\/11\/cropped-logoFotoPolyHorizontal_nobg.png","width":904,"height":283,"caption":"Foto Poly Argazkiak"},"image":{"@id":"https:\/\/snow-flamingo-245588.hostingersite.com\/#\/schema\/logo\/image\/"}}]}},"_hostinger_reach_plugin_has_subscription_block":false,"_hostinger_reach_plugin_is_elementor":false,"featured_image_src":"","featured_image_src_square":false,"rbea_author_info":{"display_name":"gorka.lopez@colectivia.com","author_link":"https:\/\/fotopoly.eus\/eu\/author\/gorka-lopezcolectivia-com\/"},"rbea_excerpt_info":"SOBRE MI MAIALEN ANDRES &#8211; FOT\u00d3GRAFA PROFESIONAL Hola, soy Maialen Andres, fot\u00f3grafa y amante de las historias que se esconden en los gestos, las miradas y los peque\u00f1os detalles. Mi c\u00e1mara es mi forma de mirar el mundo y de &hellip;<p class=\"read-more\"> <a class=\"more-link\" href=\"https:\/\/fotopoly.eus\/eu\/sobre-mi\/\"> <span class=\"screen-reader-text\">Sobre mi<\/span> Read More &raquo;<\/a><\/p>","_links":{"self":[{"href":"https:\/\/fotopoly.eus\/eu\/wp-json\/wp\/v2\/pages\/1653","targetHints":{"allow":["GET"]}}],"collection":[{"href":"https:\/\/fotopoly.eus\/eu\/wp-json\/wp\/v2\/pages"}],"about":[{"href":"https:\/\/fotopoly.eus\/eu\/wp-json\/wp\/v2\/types\/page"}],"author":[{"embeddable":true,"href":"https:\/\/fotopoly.eus\/eu\/wp-json\/wp\/v2\/users\/1"}],"replies":[{"embeddable":true,"href":"https:\/\/fotopoly.eus\/eu\/wp-json\/wp\/v2\/comments?post=1653"}],"version-history":[{"count":14,"href":"https:\/\/fotopoly.eus\/eu\/wp-json\/wp\/v2\/pages\/1653\/revisions"}],"predecessor-version":[{"id":2681,"href":"https:\/\/fotopoly.eus\/eu\/wp-json\/wp\/v2\/pages\/1653\/revisions\/2681"}],"wp:attachment":[{"href":"https:\/\/fotopoly.eus\/eu\/wp-json\/wp\/v2\/media?parent=1653"}],"curies":[{"name":"wp","href":"https:\/\/api.w.org\/{rel}","templated":true}]}}