{"id":1655,"date":"2019-08-15T15:56:42","date_gmt":"2019-08-15T15:56:42","guid":{"rendered":"https:\/\/ccreadysites.cyberchimps.com\/photography-studio\/?page_id=66"},"modified":"2026-02-17T13:10:33","modified_gmt":"2026-02-17T12:10:33","slug":"contacto","status":"publish","type":"page","link":"https:\/\/fotopoly.eus\/eu\/contacto\/","title":{"rendered":"Contacto"},"content":{"rendered":"\t\t<div data-elementor-type=\"wp-post\" data-elementor-id=\"1655\" class=\"elementor elementor-1655\">\n\t\t\t\t\t\t<section class=\"elementor-section elementor-top-section elementor-element elementor-element-1a5446f elementor-section-stretched elementor-section-boxed elementor-section-height-default elementor-section-height-default\" data-id=\"1a5446f\" data-element_type=\"section\" data-e-type=\"section\" data-settings=\"{&quot;stretch_section&quot;:&quot;section-stretched&quot;,&quot;background_background&quot;:&quot;classic&quot;}\">\n\t\t\t\t\t\t\t<div class=\"elementor-background-overlay\"><\/div>\n\t\t\t\t\t\t\t<div class=\"elementor-container elementor-column-gap-default\">\n\t\t\t\t\t<div class=\"elementor-column elementor-col-100 elementor-top-column elementor-element elementor-element-9a254b0\" data-id=\"9a254b0\" data-element_type=\"column\" data-e-type=\"column\">\n\t\t\t<div class=\"elementor-widget-wrap elementor-element-populated\">\n\t\t\t\t\t\t<section class=\"elementor-section elementor-inner-section elementor-element elementor-element-ba2d1a2 elementor-section-boxed elementor-section-height-default elementor-section-height-default\" data-id=\"ba2d1a2\" data-element_type=\"section\" data-e-type=\"section\" data-settings=\"{&quot;background_background&quot;:&quot;classic&quot;}\">\n\t\t\t\t\t\t<div class=\"elementor-container elementor-column-gap-default\">\n\t\t\t\t\t<div class=\"elementor-column elementor-col-100 elementor-inner-column elementor-element elementor-element-67f4060\" data-id=\"67f4060\" data-element_type=\"column\" data-e-type=\"column\">\n\t\t\t<div class=\"elementor-widget-wrap elementor-element-populated\">\n\t\t\t\t\t\t<div class=\"elementor-element elementor-element-6da089d elementor-widget elementor-widget-heading\" data-id=\"6da089d\" data-element_type=\"widget\" data-e-type=\"widget\" data-widget_type=\"heading.default\">\n\t\t\t\t\t<h2 class=\"elementor-heading-title elementor-size-default\">CONTACTO<\/h2>\t\t\t\t<\/div>\n\t\t\t\t\t<\/div>\n\t\t<\/div>\n\t\t\t\t\t<\/div>\n\t\t<\/section>\n\t\t\t\t\t<\/div>\n\t\t<\/div>\n\t\t\t\t\t<\/div>\n\t\t<\/section>\n\t\t\t\t<section class=\"elementor-section elementor-top-section elementor-element elementor-element-311cf96 elementor-section-boxed elementor-section-height-default elementor-section-height-default\" data-id=\"311cf96\" data-element_type=\"section\" data-e-type=\"section\">\n\t\t\t\t\t\t<div class=\"elementor-container elementor-column-gap-default\">\n\t\t\t\t\t<div class=\"elementor-column elementor-col-33 elementor-top-column elementor-element elementor-element-0e95921\" data-id=\"0e95921\" data-element_type=\"column\" data-e-type=\"column\" data-settings=\"{&quot;background_background&quot;:&quot;classic&quot;}\">\n\t\t\t<div class=\"elementor-widget-wrap elementor-element-populated\">\n\t\t\t\t\t\t<div class=\"elementor-element elementor-element-693ce6f elementor-position-top elementor-widget elementor-widget-image-box\" data-id=\"693ce6f\" data-element_type=\"widget\" data-e-type=\"widget\" data-widget_type=\"image-box.default\">\n\t\t\t\t\t<div class=\"elementor-image-box-wrapper\"><figure class=\"elementor-image-box-img\"><img decoding=\"async\" src=\"https:\/\/fotopoly.eus\/wp-content\/uploads\/elementor\/thumbs\/Frame-175872-reidj597udl61sugw2fl6w9b3bg47r5j2rc0zifqlw.jpg\" title=\"\" alt=\"\" loading=\"lazy\" \/><\/figure><div class=\"elementor-image-box-content\"><h3 class=\"elementor-image-box-title\">CORREO ELECTR\u00d3NICO<\/h3><p class=\"elementor-image-box-description\">fotografiapoly@gmail.com<\/p><\/div><\/div>\t\t\t\t<\/div>\n\t\t\t\t\t<\/div>\n\t\t<\/div>\n\t\t\t\t<div class=\"elementor-column elementor-col-33 elementor-top-column elementor-element elementor-element-4c0942f\" data-id=\"4c0942f\" data-element_type=\"column\" data-e-type=\"column\" data-settings=\"{&quot;background_background&quot;:&quot;classic&quot;}\">\n\t\t\t<div class=\"elementor-widget-wrap elementor-element-populated\">\n\t\t\t\t\t\t<div class=\"elementor-element elementor-element-6fd96d3 elementor-position-top elementor-widget elementor-widget-image-box\" data-id=\"6fd96d3\" data-element_type=\"widget\" data-e-type=\"widget\" data-widget_type=\"image-box.default\">\n\t\t\t\t\t<div class=\"elementor-image-box-wrapper\"><figure class=\"elementor-image-box-img\"><img decoding=\"async\" src=\"https:\/\/fotopoly.eus\/wp-content\/uploads\/elementor\/thumbs\/Frame-175874-reidj67217mgdet3qku7re0ropbhfg99evzigsecfo.jpg\" title=\"\" alt=\"\" loading=\"lazy\" \/><\/figure><div class=\"elementor-image-box-content\"><h3 class=\"elementor-image-box-title\">TEL\u00c9FONO<\/h3><p class=\"elementor-image-box-description\">943 51 72 60<br>WhatsApp 613 24 28 38<\/p><\/div><\/div>\t\t\t\t<\/div>\n\t\t\t\t\t<\/div>\n\t\t<\/div>\n\t\t\t\t<div class=\"elementor-column elementor-col-33 elementor-top-column elementor-element elementor-element-abdbcd4\" data-id=\"abdbcd4\" data-element_type=\"column\" data-e-type=\"column\" data-settings=\"{&quot;background_background&quot;:&quot;classic&quot;}\">\n\t\t\t<div class=\"elementor-widget-wrap elementor-element-populated\">\n\t\t\t\t\t\t<div class=\"elementor-element elementor-element-7cd20c2 elementor-position-top elementor-widget elementor-widget-image-box\" data-id=\"7cd20c2\" data-element_type=\"widget\" data-e-type=\"widget\" data-widget_type=\"image-box.default\">\n\t\t\t\t\t<div class=\"elementor-image-box-wrapper\"><figure class=\"elementor-image-box-img\"><img decoding=\"async\" src=\"https:\/\/fotopoly.eus\/wp-content\/uploads\/elementor\/thumbs\/Frame-175875-reidj67217mgdet3qku7re0ropbhfg99evzigsecfo.jpg\" title=\"\" alt=\"\" loading=\"lazy\" \/><\/figure><div class=\"elementor-image-box-content\"><h3 class=\"elementor-image-box-title\">NUESTRO ESTUDIO<\/h3><p class=\"elementor-image-box-description\">Alameda de Gam\u00f3n, 7 Bajo<br>20100 Errenteria, Bizkaia<\/p><\/div><\/div>\t\t\t\t<\/div>\n\t\t\t\t\t<\/div>\n\t\t<\/div>\n\t\t\t\t\t<\/div>\n\t\t<\/section>\n\t\t\t\t<section class=\"elementor-section elementor-top-section elementor-element elementor-element-ab2c8c4 elementor-section-boxed elementor-section-height-default elementor-section-height-default\" data-id=\"ab2c8c4\" data-element_type=\"section\" data-e-type=\"section\">\n\t\t\t\t\t\t<div class=\"elementor-container elementor-column-gap-default\">\n\t\t\t\t\t<div class=\"elementor-column elementor-col-100 elementor-top-column elementor-element elementor-element-ea5df82\" data-id=\"ea5df82\" data-element_type=\"column\" data-e-type=\"column\">\n\t\t\t<div class=\"elementor-widget-wrap elementor-element-populated\">\n\t\t\t\t\t\t<div class=\"elementor-element elementor-element-293cd22 elementor-widget elementor-widget-heading\" data-id=\"293cd22\" data-element_type=\"widget\" data-e-type=\"widget\" data-widget_type=\"heading.default\">\n\t\t\t\t\t<h3 class=\"elementor-heading-title elementor-size-default\">Env\u00edanos un mensaje<\/h3>\t\t\t\t<\/div>\n\t\t\t\t<div class=\"elementor-element elementor-element-a91dce9 elementor-widget elementor-widget-shortcode\" data-id=\"a91dce9\" data-element_type=\"widget\" data-e-type=\"widget\" data-widget_type=\"shortcode.default\">\n\t\t\t\t\t\t\t<div class=\"elementor-shortcode\"><div class=\"wpforms-container wpforms-container-full\" id=\"wpforms-88\"><form id=\"wpforms-form-88\" class=\"wpforms-validate wpforms-form\" data-formid=\"88\" method=\"post\" enctype=\"multipart\/form-data\" action=\"\/eu\/wp-json\/wp\/v2\/pages\/1655\" data-token=\"b1cbb707d219d010620d66aa2d7110f4\" data-token-time=\"1777031848\"><noscript class=\"wpforms-error-noscript\">Please enable JavaScript in your browser to complete this form.<\/noscript><div class=\"wpforms-field-container\"><div id=\"wpforms-88-field_0-container\" class=\"wpforms-field wpforms-field-name\" data-field-id=\"0\"><label class=\"wpforms-field-label\">Nombre y apellidos <span class=\"wpforms-required-label\">*<\/span><\/label><div class=\"wpforms-field-row wpforms-field-large\"><div class=\"wpforms-field-row-block wpforms-first wpforms-one-half\"><input type=\"text\" id=\"wpforms-88-field_0\" class=\"wpforms-field-name-first wpforms-field-required\" name=\"wpforms[fields][0][first]\" required><label for=\"wpforms-88-field_0\" class=\"wpforms-field-sublabel after\">First<\/label><\/div><div class=\"wpforms-field-row-block wpforms-one-half\"><input type=\"text\" id=\"wpforms-88-field_0-last\" class=\"wpforms-field-name-last wpforms-field-required\" name=\"wpforms[fields][0][last]\" required><label for=\"wpforms-88-field_0-last\" class=\"wpforms-field-sublabel after\">Last<\/label><\/div><\/div><\/div><div id=\"wpforms-88-field_1-container\" class=\"wpforms-field wpforms-field-email\" data-field-id=\"1\"><label class=\"wpforms-field-label\" for=\"wpforms-88-field_1\">Correo electr\u00f3nico <span class=\"wpforms-required-label\">*<\/span><\/label><input type=\"email\" id=\"wpforms-88-field_1\" class=\"wpforms-field-large wpforms-field-required\" name=\"wpforms[fields][1]\" spellcheck=\"false\" required><\/div><div id=\"wpforms-88-field_4-container\" class=\"wpforms-field wpforms-field-text\" data-field-id=\"4\"><label class=\"wpforms-field-label\" for=\"wpforms-88-field_4\">Tel\u00e9fono<\/label><input type=\"text\" id=\"wpforms-88-field_4\" class=\"wpforms-field-large wpforms-limit-characters-enabled\" data-form-id=\"88\" data-field-id=\"4\" data-text-limit=\"9\" name=\"wpforms[fields][4]\" maxlength=\"9\" ><\/div><div id=\"wpforms-88-field_5-container\" class=\"wpforms-field wpforms-field-select wpforms-field-select-style-modern\" data-field-id=\"5\"><label class=\"wpforms-field-label\" for=\"wpforms-88-field_5\">Motivo de la consulta <span class=\"wpforms-required-label\">*<\/span><\/label><select id=\"wpforms-88-field_5\" class=\"wpforms-field-large wpforms-field-required choicesjs-select\" data-size-class=\"wpforms-field-row wpforms-field-large\" data-search-enabled=\"\" name=\"wpforms[fields][5]\" required=\"required\"><option value=\"\" class=\"placeholder\" disabled  selected='selected'>-- Selecciona la opci\u00f3n --<\/option><option value=\"Solicitar informaci\u00f3n\"  class=\"choice-1 depth-1\"  >Solicitar informaci\u00f3n<\/option><option value=\"Reservar cita\"  class=\"choice-2 depth-1\"  >Reservar cita<\/option><option value=\"Otros\"  class=\"choice-3 depth-1\"  >Otros<\/option><\/select><\/div><div id=\"wpforms-88-field_2-container\" class=\"wpforms-field wpforms-field-textarea\" data-field-id=\"2\"><label class=\"wpforms-field-label\" for=\"wpforms-88-field_2\">Mensaje <span class=\"wpforms-required-label\">*<\/span><\/label><textarea id=\"wpforms-88-field_2\" class=\"wpforms-field-large wpforms-field-required\" name=\"wpforms[fields][2]\" required><\/textarea><\/div><\/div><!-- .wpforms-field-container --><div class=\"wpforms-field wpforms-field-hp\"><label for=\"wpforms-88-field-hp\" class=\"wpforms-field-label\">Phone<\/label><input type=\"text\" name=\"wpforms[hp]\" id=\"wpforms-88-field-hp\" class=\"wpforms-field-medium\"><\/div><div class=\"wpforms-submit-container\" ><input type=\"hidden\" name=\"wpforms[id]\" value=\"88\"><input type=\"hidden\" name=\"page_title\" value=\"\"><input type=\"hidden\" name=\"page_url\" value=\"https:\/\/fotopoly.eus\/eu\/wp-json\/wp\/v2\/pages\/1655\"><input type=\"hidden\" name=\"url_referer\" value=\"\"><button type=\"submit\" name=\"wpforms[submit]\" id=\"wpforms-submit-88\" class=\"wpforms-submit\" data-alt-text=\"Enviando...\" data-submit-text=\"Enviar\" aria-live=\"assertive\" value=\"wpforms-submit\">Enviar<\/button><\/div><\/form><\/div>  <!-- .wpforms-container --><\/div>\n\t\t\t\t\t\t<\/div>\n\t\t\t\t\t<\/div>\n\t\t<\/div>\n\t\t\t\t\t<\/div>\n\t\t<\/section>\n\t\t\t\t<section class=\"elementor-section elementor-top-section elementor-element elementor-element-5ea52bb elementor-section-full_width elementor-section-height-default elementor-section-height-default\" data-id=\"5ea52bb\" data-element_type=\"section\" data-e-type=\"section\">\n\t\t\t\t\t\t<div class=\"elementor-container elementor-column-gap-default\">\n\t\t\t\t\t<div class=\"elementor-column elementor-col-100 elementor-top-column elementor-element elementor-element-b55da1c\" data-id=\"b55da1c\" data-element_type=\"column\" data-e-type=\"column\">\n\t\t\t<div class=\"elementor-widget-wrap elementor-element-populated\">\n\t\t\t\t\t\t<div class=\"elementor-element elementor-element-7bb4b9c elementor-widget__width-inherit elementor-widget elementor-widget-google_maps\" data-id=\"7bb4b9c\" data-element_type=\"widget\" data-e-type=\"widget\" data-widget_type=\"google_maps.default\">\n\t\t\t\t\t\t\t<div class=\"elementor-custom-embed\">\n\t\t\t<iframe loading=\"lazy\"\n\t\t\t\t\tsrc=\"https:\/\/maps.google.com\/maps?q=Alameda%20de%20Gam%C3%B3n%207%20bajo%2C%2020100%20Errenteria&#038;t=m&#038;z=16&#038;output=embed&#038;iwloc=near\"\n\t\t\t\t\ttitle=\"Alameda de Gam\u00f3n 7 bajo, 20100 Errenteria\"\n\t\t\t\t\taria-label=\"Alameda de Gam\u00f3n 7 bajo, 20100 Errenteria\"\n\t\t\t><\/iframe>\n\t\t<\/div>\n\t\t\t\t\t\t<\/div>\n\t\t\t\t\t<\/div>\n\t\t<\/div>\n\t\t\t\t\t<\/div>\n\t\t<\/section>\n\t\t\t\t<\/div>\n\t\t","protected":false},"excerpt":{"rendered":"<p>CONTACTO CORREO ELECTR\u00d3NICO fotografiapoly@gmail.com TEL\u00c9FONO 943 51 72 60WhatsApp 613 24 28 38 NUESTRO ESTUDIO Alameda de Gam\u00f3n, 7 Bajo20100 Errenteria, Bizkaia Env\u00edanos un mensaje<\/p>","protected":false},"author":1,"featured_media":0,"parent":0,"menu_order":0,"comment_status":"closed","ping_status":"closed","template":"elementor_header_footer","meta":{"footnotes":""},"class_list":["post-1655","page","type-page","status-publish","hentry"],"yoast_head":"<!-- This site is optimized with the Yoast SEO plugin v27.4 - https:\/\/yoast.com\/product\/yoast-seo-wordpress\/ -->\n<title>Contacto - Foto Poly Argazkiak - Fot\u00f3grafo en Errenteria<\/title>\n<meta name=\"robots\" content=\"index, follow, max-snippet:-1, max-image-preview:large, max-video-preview:-1\" \/>\n<link rel=\"canonical\" href=\"https:\/\/fotopoly.eus\/eu\/contacto\/\" \/>\n<meta property=\"og:locale\" content=\"en_US\" \/>\n<meta property=\"og:type\" content=\"article\" \/>\n<meta property=\"og:title\" content=\"Contacto - Foto Poly Argazkiak - Fot\u00f3grafo en Errenteria\" \/>\n<meta property=\"og:description\" content=\"CONTACTO CORREO ELECTR\u00d3NICO fotografiapoly@gmail.com TEL\u00c9FONO 943 51 72 60WhatsApp 613 24 28 38 NUESTRO ESTUDIO Alameda de Gam\u00f3n, 7 Bajo20100 Errenteria, Bizkaia Env\u00edanos un mensaje\" \/>\n<meta property=\"og:url\" content=\"https:\/\/fotopoly.eus\/eu\/contacto\/\" \/>\n<meta property=\"og:site_name\" content=\"Foto Poly Argazkiak - Fot\u00f3grafo en Errenteria\" \/>\n<meta property=\"article:modified_time\" content=\"2026-02-17T12:10:33+00:00\" \/>\n<meta property=\"og:image\" content=\"https:\/\/fotopoly.eus\/wp-content\/uploads\/2025\/11\/Frame-175872.jpg\" \/>\n<meta name=\"twitter:card\" content=\"summary_large_image\" \/>\n<script type=\"application\/ld+json\" class=\"yoast-schema-graph\">{\"@context\":\"https:\\\/\\\/schema.org\",\"@graph\":[{\"@type\":\"WebPage\",\"@id\":\"https:\\\/\\\/fotopoly.eus\\\/eu\\\/contacto\\\/\",\"url\":\"https:\\\/\\\/fotopoly.eus\\\/eu\\\/contacto\\\/\",\"name\":\"Contacto - Foto Poly Argazkiak - Fot\u00f3grafo en Errenteria\",\"isPartOf\":{\"@id\":\"https:\\\/\\\/snow-flamingo-245588.hostingersite.com\\\/#website\"},\"primaryImageOfPage\":{\"@id\":\"https:\\\/\\\/fotopoly.eus\\\/eu\\\/contacto\\\/#primaryimage\"},\"image\":{\"@id\":\"https:\\\/\\\/fotopoly.eus\\\/eu\\\/contacto\\\/#primaryimage\"},\"thumbnailUrl\":\"https:\\\/\\\/fotopoly.eus\\\/wp-content\\\/uploads\\\/2025\\\/11\\\/Frame-175872.jpg\",\"datePublished\":\"2019-08-15T15:56:42+00:00\",\"dateModified\":\"2026-02-17T12:10:33+00:00\",\"breadcrumb\":{\"@id\":\"https:\\\/\\\/fotopoly.eus\\\/eu\\\/contacto\\\/#breadcrumb\"},\"inLanguage\":\"eu\",\"potentialAction\":[{\"@type\":\"ReadAction\",\"target\":[\"https:\\\/\\\/fotopoly.eus\\\/eu\\\/contacto\\\/\"]}]},{\"@type\":\"ImageObject\",\"inLanguage\":\"eu\",\"@id\":\"https:\\\/\\\/fotopoly.eus\\\/eu\\\/contacto\\\/#primaryimage\",\"url\":\"https:\\\/\\\/fotopoly.eus\\\/wp-content\\\/uploads\\\/2025\\\/11\\\/Frame-175872.jpg\",\"contentUrl\":\"https:\\\/\\\/fotopoly.eus\\\/wp-content\\\/uploads\\\/2025\\\/11\\\/Frame-175872.jpg\"},{\"@type\":\"BreadcrumbList\",\"@id\":\"https:\\\/\\\/fotopoly.eus\\\/eu\\\/contacto\\\/#breadcrumb\",\"itemListElement\":[{\"@type\":\"ListItem\",\"position\":1,\"name\":\"Portada\",\"item\":\"https:\\\/\\\/snow-flamingo-245588.hostingersite.com\\\/\"},{\"@type\":\"ListItem\",\"position\":2,\"name\":\"Contacto\"}]},{\"@type\":\"WebSite\",\"@id\":\"https:\\\/\\\/snow-flamingo-245588.hostingersite.com\\\/#website\",\"url\":\"https:\\\/\\\/snow-flamingo-245588.hostingersite.com\\\/\",\"name\":\"Foto Poly Argazkiak - Fot\u00f3grafo en Errenteria\",\"description\":\"Sesiones en estudio y exterior, retratos y eventos, revelado y copias al momento. Imprime tus fotos con calidad profesional y buen asesoramiento.\",\"publisher\":{\"@id\":\"https:\\\/\\\/snow-flamingo-245588.hostingersite.com\\\/#organization\"},\"potentialAction\":[{\"@type\":\"SearchAction\",\"target\":{\"@type\":\"EntryPoint\",\"urlTemplate\":\"https:\\\/\\\/snow-flamingo-245588.hostingersite.com\\\/?s={search_term_string}\"},\"query-input\":{\"@type\":\"PropertyValueSpecification\",\"valueRequired\":true,\"valueName\":\"search_term_string\"}}],\"inLanguage\":\"eu\"},{\"@type\":\"Organization\",\"@id\":\"https:\\\/\\\/snow-flamingo-245588.hostingersite.com\\\/#organization\",\"name\":\"Foto Poly Argazkiak\",\"url\":\"https:\\\/\\\/snow-flamingo-245588.hostingersite.com\\\/\",\"logo\":{\"@type\":\"ImageObject\",\"inLanguage\":\"eu\",\"@id\":\"https:\\\/\\\/snow-flamingo-245588.hostingersite.com\\\/#\\\/schema\\\/logo\\\/image\\\/\",\"url\":\"https:\\\/\\\/fotopoly.eus\\\/wp-content\\\/uploads\\\/2025\\\/11\\\/cropped-logoFotoPolyHorizontal_nobg.png\",\"contentUrl\":\"https:\\\/\\\/fotopoly.eus\\\/wp-content\\\/uploads\\\/2025\\\/11\\\/cropped-logoFotoPolyHorizontal_nobg.png\",\"width\":904,\"height\":283,\"caption\":\"Foto Poly Argazkiak\"},\"image\":{\"@id\":\"https:\\\/\\\/snow-flamingo-245588.hostingersite.com\\\/#\\\/schema\\\/logo\\\/image\\\/\"}}]}<\/script>\n<!-- \/ Yoast SEO plugin. -->","yoast_head_json":{"title":"Contacto - Foto Poly Argazkiak - Fot\u00f3grafo en Errenteria","robots":{"index":"index","follow":"follow","max-snippet":"max-snippet:-1","max-image-preview":"max-image-preview:large","max-video-preview":"max-video-preview:-1"},"canonical":"https:\/\/fotopoly.eus\/eu\/contacto\/","og_locale":"en_US","og_type":"article","og_title":"Contacto - Foto Poly Argazkiak - Fot\u00f3grafo en Errenteria","og_description":"CONTACTO CORREO ELECTR\u00d3NICO fotografiapoly@gmail.com TEL\u00c9FONO 943 51 72 60WhatsApp 613 24 28 38 NUESTRO ESTUDIO Alameda de Gam\u00f3n, 7 Bajo20100 Errenteria, Bizkaia Env\u00edanos un mensaje","og_url":"https:\/\/fotopoly.eus\/eu\/contacto\/","og_site_name":"Foto Poly Argazkiak - Fot\u00f3grafo en Errenteria","article_modified_time":"2026-02-17T12:10:33+00:00","og_image":[{"url":"https:\/\/fotopoly.eus\/wp-content\/uploads\/2025\/11\/Frame-175872.jpg","type":"","width":"","height":""}],"twitter_card":"summary_large_image","schema":{"@context":"https:\/\/schema.org","@graph":[{"@type":"WebPage","@id":"https:\/\/fotopoly.eus\/eu\/contacto\/","url":"https:\/\/fotopoly.eus\/eu\/contacto\/","name":"Contacto - Foto Poly Argazkiak - Fot\u00f3grafo en Errenteria","isPartOf":{"@id":"https:\/\/snow-flamingo-245588.hostingersite.com\/#website"},"primaryImageOfPage":{"@id":"https:\/\/fotopoly.eus\/eu\/contacto\/#primaryimage"},"image":{"@id":"https:\/\/fotopoly.eus\/eu\/contacto\/#primaryimage"},"thumbnailUrl":"https:\/\/fotopoly.eus\/wp-content\/uploads\/2025\/11\/Frame-175872.jpg","datePublished":"2019-08-15T15:56:42+00:00","dateModified":"2026-02-17T12:10:33+00:00","breadcrumb":{"@id":"https:\/\/fotopoly.eus\/eu\/contacto\/#breadcrumb"},"inLanguage":"eu","potentialAction":[{"@type":"ReadAction","target":["https:\/\/fotopoly.eus\/eu\/contacto\/"]}]},{"@type":"ImageObject","inLanguage":"eu","@id":"https:\/\/fotopoly.eus\/eu\/contacto\/#primaryimage","url":"https:\/\/fotopoly.eus\/wp-content\/uploads\/2025\/11\/Frame-175872.jpg","contentUrl":"https:\/\/fotopoly.eus\/wp-content\/uploads\/2025\/11\/Frame-175872.jpg"},{"@type":"BreadcrumbList","@id":"https:\/\/fotopoly.eus\/eu\/contacto\/#breadcrumb","itemListElement":[{"@type":"ListItem","position":1,"name":"Portada","item":"https:\/\/snow-flamingo-245588.hostingersite.com\/"},{"@type":"ListItem","position":2,"name":"Contacto"}]},{"@type":"WebSite","@id":"https:\/\/snow-flamingo-245588.hostingersite.com\/#website","url":"https:\/\/snow-flamingo-245588.hostingersite.com\/","name":"Foto Poly Argazkiak - Fot\u00f3grafo en Errenteria","description":"Sesiones en estudio y exterior, retratos y eventos, revelado y copias al momento. Imprime tus fotos con calidad profesional y buen asesoramiento.","publisher":{"@id":"https:\/\/snow-flamingo-245588.hostingersite.com\/#organization"},"potentialAction":[{"@type":"SearchAction","target":{"@type":"EntryPoint","urlTemplate":"https:\/\/snow-flamingo-245588.hostingersite.com\/?s={search_term_string}"},"query-input":{"@type":"PropertyValueSpecification","valueRequired":true,"valueName":"search_term_string"}}],"inLanguage":"eu"},{"@type":"Organization","@id":"https:\/\/snow-flamingo-245588.hostingersite.com\/#organization","name":"Foto Poly Argazkiak","url":"https:\/\/snow-flamingo-245588.hostingersite.com\/","logo":{"@type":"ImageObject","inLanguage":"eu","@id":"https:\/\/snow-flamingo-245588.hostingersite.com\/#\/schema\/logo\/image\/","url":"https:\/\/fotopoly.eus\/wp-content\/uploads\/2025\/11\/cropped-logoFotoPolyHorizontal_nobg.png","contentUrl":"https:\/\/fotopoly.eus\/wp-content\/uploads\/2025\/11\/cropped-logoFotoPolyHorizontal_nobg.png","width":904,"height":283,"caption":"Foto Poly Argazkiak"},"image":{"@id":"https:\/\/snow-flamingo-245588.hostingersite.com\/#\/schema\/logo\/image\/"}}]}},"_hostinger_reach_plugin_has_subscription_block":false,"_hostinger_reach_plugin_is_elementor":false,"featured_image_src":"","featured_image_src_square":false,"rbea_author_info":{"display_name":"gorka.lopez@colectivia.com","author_link":"https:\/\/fotopoly.eus\/eu\/author\/gorka-lopezcolectivia-com\/"},"rbea_excerpt_info":"CONTACTO CORREO ELECTR\u00d3NICO fotografiapoly@gmail.com TEL\u00c9FONO 943 51 72 60WhatsApp 613 24 28 38 NUESTRO ESTUDIO Alameda de Gam\u00f3n, 7 Bajo20100 Errenteria, Bizkaia Env\u00edanos un mensaje","_links":{"self":[{"href":"https:\/\/fotopoly.eus\/eu\/wp-json\/wp\/v2\/pages\/1655","targetHints":{"allow":["GET"]}}],"collection":[{"href":"https:\/\/fotopoly.eus\/eu\/wp-json\/wp\/v2\/pages"}],"about":[{"href":"https:\/\/fotopoly.eus\/eu\/wp-json\/wp\/v2\/types\/page"}],"author":[{"embeddable":true,"href":"https:\/\/fotopoly.eus\/eu\/wp-json\/wp\/v2\/users\/1"}],"replies":[{"embeddable":true,"href":"https:\/\/fotopoly.eus\/eu\/wp-json\/wp\/v2\/comments?post=1655"}],"version-history":[{"count":22,"href":"https:\/\/fotopoly.eus\/eu\/wp-json\/wp\/v2\/pages\/1655\/revisions"}],"predecessor-version":[{"id":2742,"href":"https:\/\/fotopoly.eus\/eu\/wp-json\/wp\/v2\/pages\/1655\/revisions\/2742"}],"wp:attachment":[{"href":"https:\/\/fotopoly.eus\/eu\/wp-json\/wp\/v2\/media?parent=1655"}],"curies":[{"name":"wp","href":"https:\/\/api.w.org\/{rel}","templated":true}]}}