{"id":1727,"date":"2025-11-11T12:10:26","date_gmt":"2025-11-11T11:10:26","guid":{"rendered":"https:\/\/fotopoly.eus\/?page_id=1727"},"modified":"2026-02-16T13:28:31","modified_gmt":"2026-02-16T12:28:31","slug":"comuniones","status":"publish","type":"page","link":"https:\/\/fotopoly.eus\/eu\/comuniones\/","title":{"rendered":"Comuniones"},"content":{"rendered":"<div data-elementor-type=\"wp-page\" data-elementor-id=\"1727\" class=\"elementor elementor-1727\">\n\t\t\t\t\t\t<section class=\"elementor-section elementor-top-section elementor-element elementor-element-e8bf8dd elementor-section-boxed elementor-section-height-default elementor-section-height-default\" data-id=\"e8bf8dd\" data-element_type=\"section\" data-e-type=\"section\">\n\t\t\t\t\t\t<div class=\"elementor-container elementor-column-gap-default\">\n\t\t\t\t\t<div class=\"elementor-column elementor-col-100 elementor-top-column elementor-element elementor-element-6545410\" data-id=\"6545410\" data-element_type=\"column\" data-e-type=\"column\">\n\t\t\t<div class=\"elementor-widget-wrap elementor-element-populated\">\n\t\t\t\t\t\t<div class=\"elementor-element elementor-element-f6a86f7 elementor-widget elementor-widget-heading\" data-id=\"f6a86f7\" data-element_type=\"widget\" data-e-type=\"widget\" data-widget_type=\"heading.default\">\n\t\t\t\t\t<h2 class=\"elementor-heading-title elementor-size-default\">Fotografia de comuniones<\/h2>\t\t\t\t<\/div>\n\t\t\t\t<div class=\"elementor-element elementor-element-f4b634f elementor-widget elementor-widget-image\" data-id=\"f4b634f\" data-element_type=\"widget\" data-e-type=\"widget\" data-widget_type=\"image.default\">\n\t\t\t\t\t\t\t\t\t\t\t\t\t\t\t<img fetchpriority=\"high\" decoding=\"async\" width=\"2560\" height=\"1707\" src=\"https:\/\/fotopoly.eus\/wp-content\/uploads\/2026\/02\/52A3401-scaled.jpg\" class=\"attachment-full size-full wp-image-2565\" alt=\"fotografa comuniones\" srcset=\"https:\/\/fotopoly.eus\/wp-content\/uploads\/2026\/02\/52A3401-scaled.jpg 2560w, https:\/\/fotopoly.eus\/wp-content\/uploads\/2026\/02\/52A3401-300x200.jpg 300w, https:\/\/fotopoly.eus\/wp-content\/uploads\/2026\/02\/52A3401-1024x683.jpg 1024w, https:\/\/fotopoly.eus\/wp-content\/uploads\/2026\/02\/52A3401-768x512.jpg 768w, https:\/\/fotopoly.eus\/wp-content\/uploads\/2026\/02\/52A3401-1536x1024.jpg 1536w, https:\/\/fotopoly.eus\/wp-content\/uploads\/2026\/02\/52A3401-2048x1365.jpg 2048w, https:\/\/fotopoly.eus\/wp-content\/uploads\/2026\/02\/52A3401-100x67.jpg 100w, https:\/\/fotopoly.eus\/wp-content\/uploads\/2026\/02\/52A3401-150x100.jpg 150w, https:\/\/fotopoly.eus\/wp-content\/uploads\/2026\/02\/52A3401-200x133.jpg 200w, https:\/\/fotopoly.eus\/wp-content\/uploads\/2026\/02\/52A3401-450x300.jpg 450w, https:\/\/fotopoly.eus\/wp-content\/uploads\/2026\/02\/52A3401-600x400.jpg 600w, https:\/\/fotopoly.eus\/wp-content\/uploads\/2026\/02\/52A3401-900x600.jpg 900w\" sizes=\"(max-width: 2560px) 100vw, 2560px\" \/>\t\t\t\t\t\t\t\t\t\t\t\t\t\t\t<\/div>\n\t\t\t\t\t<\/div>\n\t\t<\/div>\n\t\t\t\t\t<\/div>\n\t\t<\/section>\n\t\t\t\t<section class=\"elementor-section elementor-top-section elementor-element elementor-element-11eb67d elementor-section-boxed elementor-section-height-default elementor-section-height-default\" data-id=\"11eb67d\" data-element_type=\"section\" data-e-type=\"section\">\n\t\t\t\t\t\t<div class=\"elementor-container elementor-column-gap-default\">\n\t\t\t\t\t<div class=\"elementor-column elementor-col-100 elementor-top-column elementor-element elementor-element-43c6dab\" data-id=\"43c6dab\" data-element_type=\"column\" data-e-type=\"column\">\n\t\t\t<div class=\"elementor-widget-wrap elementor-element-populated\">\n\t\t\t\t\t\t<div class=\"elementor-element elementor-element-d71a0d6 elementor-widget elementor-widget-heading\" data-id=\"d71a0d6\" data-element_type=\"widget\" data-e-type=\"widget\" data-widget_type=\"heading.default\">\n\t\t\t\t\t<h2 class=\"elementor-heading-title elementor-size-default\">La Primera Comuni\u00f3n es un momento \u00fanico en la vida de un ni\u00f1o o una ni\u00f1a.<\/h2>\t\t\t\t<\/div>\n\t\t\t\t<div class=\"elementor-element elementor-element-09d693c elementor-widget__width-initial elementor-widget elementor-widget-text-editor\" data-id=\"09d693c\" data-element_type=\"widget\" data-e-type=\"widget\" data-widget_type=\"text-editor.default\">\n\t\t\t\t\t\t\t\t\t<p>Un d\u00eda lleno de emoci\u00f3n, ilusi\u00f3n y nervios que merece ser recordado con fotograf\u00edas especiales, naturales y llenas de luz.<\/p><p><span style=\"font-size: 16px; text-transform: inherit;\">Ofrezco reportajes de comuni\u00f3n en estudio y en exterior, con una est\u00e9tica elegante, actual y sin poses forzadas. Busco que los ni\u00f1os sean ellos mismos, que se r\u00edan, que jueguen y que disfruten del momento.<\/span><\/p>\t\t\t\t\t\t\t\t<\/div>\n\t\t\t\t<div class=\"elementor-element elementor-element-9cf3690 elementor-align-center elementor-widget elementor-widget-button\" data-id=\"9cf3690\" data-element_type=\"widget\" data-e-type=\"widget\" data-widget_type=\"button.default\">\n\t\t\t\t\t\t\t\t\t\t<a class=\"elementor-button elementor-button-link elementor-size-sm\" href=\"https:\/\/fotopoly.eus\/eu\/contacto\/\">\n\t\t\t\t\t\t<span class=\"elementor-button-content-wrapper\">\n\t\t\t\t\t\t\t\t\t<span class=\"elementor-button-text\">\u00a1Ponte en contacto conmigo!<\/span>\n\t\t\t\t\t<\/span>\n\t\t\t\t\t<\/a>\n\t\t\t\t\t\t\t\t<\/div>\n\t\t\t\t\t<\/div>\n\t\t<\/div>\n\t\t\t\t\t<\/div>\n\t\t<\/section>\n\t\t\t\t<section class=\"elementor-section elementor-top-section elementor-element elementor-element-fa47219 elementor-section-boxed elementor-section-height-default elementor-section-height-default\" data-id=\"fa47219\" data-element_type=\"section\" data-e-type=\"section\">\n\t\t\t\t\t\t<div class=\"elementor-container elementor-column-gap-default\">\n\t\t\t\t\t<div class=\"elementor-column elementor-col-100 elementor-top-column elementor-element elementor-element-956161a\" data-id=\"956161a\" data-element_type=\"column\" data-e-type=\"column\">\n\t\t\t<div class=\"elementor-widget-wrap elementor-element-populated\">\n\t\t\t\t\t\t<div class=\"elementor-element elementor-element-857747e elementor-widget elementor-widget-heading\" data-id=\"857747e\" data-element_type=\"widget\" data-e-type=\"widget\" data-widget_type=\"heading.default\">\n\t\t\t\t\t<h2 class=\"elementor-heading-title elementor-size-default\">MIS TRABAJOS DE COMUNIONES<\/h2>\t\t\t\t<\/div>\n\t\t\t\t\t<\/div>\n\t\t<\/div>\n\t\t\t\t\t<\/div>\n\t\t<\/section>\n\t\t\t\t<section class=\"elementor-section elementor-top-section elementor-element elementor-element-949b676 elementor-section-full_width elementor-section-height-default elementor-section-height-default\" data-id=\"949b676\" data-element_type=\"section\" data-e-type=\"section\">\n\t\t\t\t\t\t<div class=\"elementor-container elementor-column-gap-default\">\n\t\t\t\t\t<div class=\"elementor-column elementor-col-100 elementor-top-column elementor-element elementor-element-965ab5a\" data-id=\"965ab5a\" data-element_type=\"column\" data-e-type=\"column\">\n\t\t\t<div class=\"elementor-widget-wrap elementor-element-populated\">\n\t\t\t\t\t\t<div class=\"elementor-element elementor-element-b404866 elementor-widget elementor-widget-image-carousel\" data-id=\"b404866\" data-element_type=\"widget\" data-e-type=\"widget\" data-settings=\"{&quot;slides_to_show&quot;:&quot;2&quot;,&quot;slides_to_scroll&quot;:&quot;2&quot;,&quot;navigation&quot;:&quot;none&quot;,&quot;pause_on_hover&quot;:&quot;no&quot;,&quot;pause_on_interaction&quot;:&quot;no&quot;,&quot;image_spacing_custom&quot;:{&quot;unit&quot;:&quot;px&quot;,&quot;size&quot;:10,&quot;sizes&quot;:[]},&quot;autoplay&quot;:&quot;yes&quot;,&quot;autoplay_speed&quot;:5000,&quot;infinite&quot;:&quot;yes&quot;,&quot;speed&quot;:500,&quot;image_spacing_custom_tablet&quot;:{&quot;unit&quot;:&quot;px&quot;,&quot;size&quot;:&quot;&quot;,&quot;sizes&quot;:[]},&quot;image_spacing_custom_mobile&quot;:{&quot;unit&quot;:&quot;px&quot;,&quot;size&quot;:&quot;&quot;,&quot;sizes&quot;:[]}}\" data-widget_type=\"image-carousel.default\">\n\t\t\t\t\t\t\t<div class=\"elementor-image-carousel-wrapper swiper\" role=\"region\" aria-roledescription=\"carousel\" aria-label=\"Image Carousel\" dir=\"ltr\">\n\t\t\t<div class=\"elementor-image-carousel swiper-wrapper\" aria-live=\"off\">\n\t\t\t\t\t\t\t\t<div class=\"swiper-slide\" role=\"group\" aria-roledescription=\"slide\" aria-label=\"1 of 8\" data-no-translation-aria-label=\"\"><figure class=\"swiper-slide-inner\"><img decoding=\"async\" class=\"swiper-slide-image\" src=\"https:\/\/fotopoly.eus\/wp-content\/uploads\/2026\/02\/59B0480-scaled.jpg\" alt=\"_59B0480\" \/><\/figure><\/div><div class=\"swiper-slide\" role=\"group\" aria-roledescription=\"slide\" aria-label=\"2 of 8\" data-no-translation-aria-label=\"\"><figure class=\"swiper-slide-inner\"><img decoding=\"async\" class=\"swiper-slide-image\" src=\"https:\/\/fotopoly.eus\/wp-content\/uploads\/2026\/02\/52A3401-scaled.jpg\" alt=\"fotografa comuniones\" \/><\/figure><\/div><div class=\"swiper-slide\" role=\"group\" aria-roledescription=\"slide\" aria-label=\"3 of 8\" data-no-translation-aria-label=\"\"><figure class=\"swiper-slide-inner\"><img decoding=\"async\" class=\"swiper-slide-image\" src=\"https:\/\/fotopoly.eus\/wp-content\/uploads\/2026\/02\/59B0145-scaled.jpg\" alt=\"fotos de comuniones\" \/><\/figure><\/div><div class=\"swiper-slide\" role=\"group\" aria-roledescription=\"slide\" aria-label=\"4 of 8\" data-no-translation-aria-label=\"\"><figure class=\"swiper-slide-inner\"><img decoding=\"async\" class=\"swiper-slide-image\" src=\"https:\/\/fotopoly.eus\/wp-content\/uploads\/2026\/02\/59B0358-scaled.jpg\" alt=\"_59B0358\" \/><\/figure><\/div><div class=\"swiper-slide\" role=\"group\" aria-roledescription=\"slide\" aria-label=\"5 of 8\" data-no-translation-aria-label=\"\"><figure class=\"swiper-slide-inner\"><img decoding=\"async\" class=\"swiper-slide-image\" src=\"https:\/\/fotopoly.eus\/wp-content\/uploads\/2026\/02\/59B6128-scaled.jpg\" alt=\"fotografa profesional comuniones\" \/><\/figure><\/div><div class=\"swiper-slide\" role=\"group\" aria-roledescription=\"slide\" aria-label=\"6 of 8\" data-no-translation-aria-label=\"\"><figure class=\"swiper-slide-inner\"><img decoding=\"async\" class=\"swiper-slide-image\" src=\"https:\/\/fotopoly.eus\/wp-content\/uploads\/2026\/02\/59B6273-scaled.jpg\" alt=\"_59B6273\" \/><\/figure><\/div><div class=\"swiper-slide\" role=\"group\" aria-roledescription=\"slide\" aria-label=\"7 of 8\" data-no-translation-aria-label=\"\"><figure class=\"swiper-slide-inner\"><img decoding=\"async\" class=\"swiper-slide-image\" src=\"https:\/\/fotopoly.eus\/wp-content\/uploads\/2026\/02\/59B6753-scaled.jpg\" alt=\"_59B6753\" \/><\/figure><\/div><div class=\"swiper-slide\" role=\"group\" aria-roledescription=\"slide\" aria-label=\"8 of 8\" data-no-translation-aria-label=\"\"><figure class=\"swiper-slide-inner\"><img decoding=\"async\" class=\"swiper-slide-image\" src=\"https:\/\/fotopoly.eus\/wp-content\/uploads\/2026\/02\/59B6789-scaled.jpg\" alt=\"_59B6789\" \/><\/figure><\/div>\t\t\t<\/div>\n\t\t\t\t\t\t\t\n\t\t\t\t\t\t\t\t\t<\/div>\n\t\t\t\t\t\t<\/div>\n\t\t\t\t\t<\/div>\n\t\t<\/div>\n\t\t\t\t\t<\/div>\n\t\t<\/section>\n\t\t\t\t<\/div>","protected":false},"excerpt":{"rendered":"<p>Fotografia de comuniones La Primera Comuni\u00f3n es un momento \u00fanico en la vida de un ni\u00f1o o una ni\u00f1a. Un d\u00eda lleno de emoci\u00f3n, ilusi\u00f3n y nervios que merece ser recordado con fotograf\u00edas especiales, naturales y llenas de luz. Ofrezco &hellip;<\/p>\n<p class=\"read-more\"> <a class=\"more-link\" href=\"https:\/\/fotopoly.eus\/eu\/comuniones\/\"> <span class=\"screen-reader-text\">Comuniones<\/span> Read More &raquo;<\/a><\/p>","protected":false},"author":1,"featured_media":0,"parent":0,"menu_order":0,"comment_status":"closed","ping_status":"closed","template":"elementor_header_footer","meta":{"footnotes":""},"class_list":["post-1727","page","type-page","status-publish","hentry"],"yoast_head":"<!-- This site is optimized with the Yoast SEO plugin v27.4 - https:\/\/yoast.com\/product\/yoast-seo-wordpress\/ -->\n<title>Comuniones - Foto Poly Argazkiak - Fot\u00f3grafo en Errenteria<\/title>\n<meta name=\"robots\" content=\"index, follow, max-snippet:-1, max-image-preview:large, max-video-preview:-1\" \/>\n<link rel=\"canonical\" href=\"https:\/\/fotopoly.eus\/eu\/comuniones\/\" \/>\n<meta property=\"og:locale\" content=\"en_US\" \/>\n<meta property=\"og:type\" content=\"article\" \/>\n<meta property=\"og:title\" content=\"Comuniones - Foto Poly Argazkiak - Fot\u00f3grafo en Errenteria\" \/>\n<meta property=\"og:description\" content=\"Fotografia de comuniones La Primera Comuni\u00f3n es un momento \u00fanico en la vida de un ni\u00f1o o una ni\u00f1a. Un d\u00eda lleno de emoci\u00f3n, ilusi\u00f3n y nervios que merece ser recordado con fotograf\u00edas especiales, naturales y llenas de luz. Ofrezco &hellip; Comuniones Read More &raquo;\" \/>\n<meta property=\"og:url\" content=\"https:\/\/fotopoly.eus\/eu\/comuniones\/\" \/>\n<meta property=\"og:site_name\" content=\"Foto Poly Argazkiak - Fot\u00f3grafo en Errenteria\" \/>\n<meta property=\"article:modified_time\" content=\"2026-02-16T12:28:31+00:00\" \/>\n<meta property=\"og:image\" content=\"https:\/\/fotopoly.eus\/wp-content\/uploads\/2026\/02\/52A3401-scaled.jpg\" \/>\n<meta name=\"twitter:card\" content=\"summary_large_image\" \/>\n<script type=\"application\/ld+json\" class=\"yoast-schema-graph\">{\"@context\":\"https:\\\/\\\/schema.org\",\"@graph\":[{\"@type\":\"WebPage\",\"@id\":\"https:\\\/\\\/fotopoly.eus\\\/comuniones\\\/\",\"url\":\"https:\\\/\\\/fotopoly.eus\\\/comuniones\\\/\",\"name\":\"Comuniones - Foto Poly Argazkiak - Fot\u00f3grafo en Errenteria\",\"isPartOf\":{\"@id\":\"https:\\\/\\\/snow-flamingo-245588.hostingersite.com\\\/#website\"},\"primaryImageOfPage\":{\"@id\":\"https:\\\/\\\/fotopoly.eus\\\/comuniones\\\/#primaryimage\"},\"image\":{\"@id\":\"https:\\\/\\\/fotopoly.eus\\\/comuniones\\\/#primaryimage\"},\"thumbnailUrl\":\"https:\\\/\\\/fotopoly.eus\\\/wp-content\\\/uploads\\\/2026\\\/02\\\/52A3401-scaled.jpg\",\"datePublished\":\"2025-11-11T11:10:26+00:00\",\"dateModified\":\"2026-02-16T12:28:31+00:00\",\"breadcrumb\":{\"@id\":\"https:\\\/\\\/fotopoly.eus\\\/comuniones\\\/#breadcrumb\"},\"inLanguage\":\"eu\",\"potentialAction\":[{\"@type\":\"ReadAction\",\"target\":[\"https:\\\/\\\/fotopoly.eus\\\/comuniones\\\/\"]}]},{\"@type\":\"ImageObject\",\"inLanguage\":\"eu\",\"@id\":\"https:\\\/\\\/fotopoly.eus\\\/comuniones\\\/#primaryimage\",\"url\":\"https:\\\/\\\/fotopoly.eus\\\/wp-content\\\/uploads\\\/2026\\\/02\\\/52A3401-scaled.jpg\",\"contentUrl\":\"https:\\\/\\\/fotopoly.eus\\\/wp-content\\\/uploads\\\/2026\\\/02\\\/52A3401-scaled.jpg\"},{\"@type\":\"BreadcrumbList\",\"@id\":\"https:\\\/\\\/fotopoly.eus\\\/comuniones\\\/#breadcrumb\",\"itemListElement\":[{\"@type\":\"ListItem\",\"position\":1,\"name\":\"Portada\",\"item\":\"https:\\\/\\\/snow-flamingo-245588.hostingersite.com\\\/\"},{\"@type\":\"ListItem\",\"position\":2,\"name\":\"Comuniones\"}]},{\"@type\":\"WebSite\",\"@id\":\"https:\\\/\\\/snow-flamingo-245588.hostingersite.com\\\/#website\",\"url\":\"https:\\\/\\\/snow-flamingo-245588.hostingersite.com\\\/\",\"name\":\"Foto Poly Argazkiak - Fot\u00f3grafo en Errenteria\",\"description\":\"Sesiones en estudio y exterior, retratos y eventos, revelado y copias al momento. Imprime tus fotos con calidad profesional y buen asesoramiento.\",\"publisher\":{\"@id\":\"https:\\\/\\\/snow-flamingo-245588.hostingersite.com\\\/#organization\"},\"potentialAction\":[{\"@type\":\"SearchAction\",\"target\":{\"@type\":\"EntryPoint\",\"urlTemplate\":\"https:\\\/\\\/snow-flamingo-245588.hostingersite.com\\\/?s={search_term_string}\"},\"query-input\":{\"@type\":\"PropertyValueSpecification\",\"valueRequired\":true,\"valueName\":\"search_term_string\"}}],\"inLanguage\":\"eu\"},{\"@type\":\"Organization\",\"@id\":\"https:\\\/\\\/snow-flamingo-245588.hostingersite.com\\\/#organization\",\"name\":\"Foto Poly Argazkiak\",\"url\":\"https:\\\/\\\/snow-flamingo-245588.hostingersite.com\\\/\",\"logo\":{\"@type\":\"ImageObject\",\"inLanguage\":\"eu\",\"@id\":\"https:\\\/\\\/snow-flamingo-245588.hostingersite.com\\\/#\\\/schema\\\/logo\\\/image\\\/\",\"url\":\"https:\\\/\\\/fotopoly.eus\\\/wp-content\\\/uploads\\\/2025\\\/11\\\/cropped-logoFotoPolyHorizontal_nobg.png\",\"contentUrl\":\"https:\\\/\\\/fotopoly.eus\\\/wp-content\\\/uploads\\\/2025\\\/11\\\/cropped-logoFotoPolyHorizontal_nobg.png\",\"width\":904,\"height\":283,\"caption\":\"Foto Poly Argazkiak\"},\"image\":{\"@id\":\"https:\\\/\\\/snow-flamingo-245588.hostingersite.com\\\/#\\\/schema\\\/logo\\\/image\\\/\"}}]}<\/script>\n<!-- \/ Yoast SEO plugin. -->","yoast_head_json":{"title":"Comuniones - Foto Poly Argazkiak - Fot\u00f3grafo en Errenteria","robots":{"index":"index","follow":"follow","max-snippet":"max-snippet:-1","max-image-preview":"max-image-preview:large","max-video-preview":"max-video-preview:-1"},"canonical":"https:\/\/fotopoly.eus\/eu\/comuniones\/","og_locale":"en_US","og_type":"article","og_title":"Comuniones - Foto Poly Argazkiak - Fot\u00f3grafo en Errenteria","og_description":"Fotografia de comuniones La Primera Comuni\u00f3n es un momento \u00fanico en la vida de un ni\u00f1o o una ni\u00f1a. Un d\u00eda lleno de emoci\u00f3n, ilusi\u00f3n y nervios que merece ser recordado con fotograf\u00edas especiales, naturales y llenas de luz. Ofrezco &hellip; Comuniones Read More &raquo;","og_url":"https:\/\/fotopoly.eus\/eu\/comuniones\/","og_site_name":"Foto Poly Argazkiak - Fot\u00f3grafo en Errenteria","article_modified_time":"2026-02-16T12:28:31+00:00","og_image":[{"url":"https:\/\/fotopoly.eus\/wp-content\/uploads\/2026\/02\/52A3401-scaled.jpg","type":"","width":"","height":""}],"twitter_card":"summary_large_image","schema":{"@context":"https:\/\/schema.org","@graph":[{"@type":"WebPage","@id":"https:\/\/fotopoly.eus\/comuniones\/","url":"https:\/\/fotopoly.eus\/comuniones\/","name":"Comuniones - Foto Poly Argazkiak - Fot\u00f3grafo en Errenteria","isPartOf":{"@id":"https:\/\/snow-flamingo-245588.hostingersite.com\/#website"},"primaryImageOfPage":{"@id":"https:\/\/fotopoly.eus\/comuniones\/#primaryimage"},"image":{"@id":"https:\/\/fotopoly.eus\/comuniones\/#primaryimage"},"thumbnailUrl":"https:\/\/fotopoly.eus\/wp-content\/uploads\/2026\/02\/52A3401-scaled.jpg","datePublished":"2025-11-11T11:10:26+00:00","dateModified":"2026-02-16T12:28:31+00:00","breadcrumb":{"@id":"https:\/\/fotopoly.eus\/comuniones\/#breadcrumb"},"inLanguage":"eu","potentialAction":[{"@type":"ReadAction","target":["https:\/\/fotopoly.eus\/comuniones\/"]}]},{"@type":"ImageObject","inLanguage":"eu","@id":"https:\/\/fotopoly.eus\/comuniones\/#primaryimage","url":"https:\/\/fotopoly.eus\/wp-content\/uploads\/2026\/02\/52A3401-scaled.jpg","contentUrl":"https:\/\/fotopoly.eus\/wp-content\/uploads\/2026\/02\/52A3401-scaled.jpg"},{"@type":"BreadcrumbList","@id":"https:\/\/fotopoly.eus\/comuniones\/#breadcrumb","itemListElement":[{"@type":"ListItem","position":1,"name":"Portada","item":"https:\/\/snow-flamingo-245588.hostingersite.com\/"},{"@type":"ListItem","position":2,"name":"Comuniones"}]},{"@type":"WebSite","@id":"https:\/\/snow-flamingo-245588.hostingersite.com\/#website","url":"https:\/\/snow-flamingo-245588.hostingersite.com\/","name":"Foto Poly Argazkiak - Fot\u00f3grafo en Errenteria","description":"Sesiones en estudio y exterior, retratos y eventos, revelado y copias al momento. Imprime tus fotos con calidad profesional y buen asesoramiento.","publisher":{"@id":"https:\/\/snow-flamingo-245588.hostingersite.com\/#organization"},"potentialAction":[{"@type":"SearchAction","target":{"@type":"EntryPoint","urlTemplate":"https:\/\/snow-flamingo-245588.hostingersite.com\/?s={search_term_string}"},"query-input":{"@type":"PropertyValueSpecification","valueRequired":true,"valueName":"search_term_string"}}],"inLanguage":"eu"},{"@type":"Organization","@id":"https:\/\/snow-flamingo-245588.hostingersite.com\/#organization","name":"Foto Poly Argazkiak","url":"https:\/\/snow-flamingo-245588.hostingersite.com\/","logo":{"@type":"ImageObject","inLanguage":"eu","@id":"https:\/\/snow-flamingo-245588.hostingersite.com\/#\/schema\/logo\/image\/","url":"https:\/\/fotopoly.eus\/wp-content\/uploads\/2025\/11\/cropped-logoFotoPolyHorizontal_nobg.png","contentUrl":"https:\/\/fotopoly.eus\/wp-content\/uploads\/2025\/11\/cropped-logoFotoPolyHorizontal_nobg.png","width":904,"height":283,"caption":"Foto Poly Argazkiak"},"image":{"@id":"https:\/\/snow-flamingo-245588.hostingersite.com\/#\/schema\/logo\/image\/"}}]}},"_hostinger_reach_plugin_has_subscription_block":false,"_hostinger_reach_plugin_is_elementor":false,"featured_image_src":"","featured_image_src_square":false,"rbea_author_info":{"display_name":"gorka.lopez@colectivia.com","author_link":"https:\/\/fotopoly.eus\/eu\/author\/gorka-lopezcolectivia-com\/"},"rbea_excerpt_info":"Fotografia de comuniones La Primera Comuni\u00f3n es un momento \u00fanico en la vida de un ni\u00f1o o una ni\u00f1a. Un d\u00eda lleno de emoci\u00f3n, ilusi\u00f3n y nervios que merece ser recordado con fotograf\u00edas especiales, naturales y llenas de luz. Ofrezco &hellip;<p class=\"read-more\"> <a class=\"more-link\" href=\"https:\/\/fotopoly.eus\/eu\/comuniones\/\"> <span class=\"screen-reader-text\">Comuniones<\/span> Read More &raquo;<\/a><\/p>","_links":{"self":[{"href":"https:\/\/fotopoly.eus\/eu\/wp-json\/wp\/v2\/pages\/1727","targetHints":{"allow":["GET"]}}],"collection":[{"href":"https:\/\/fotopoly.eus\/eu\/wp-json\/wp\/v2\/pages"}],"about":[{"href":"https:\/\/fotopoly.eus\/eu\/wp-json\/wp\/v2\/types\/page"}],"author":[{"embeddable":true,"href":"https:\/\/fotopoly.eus\/eu\/wp-json\/wp\/v2\/users\/1"}],"replies":[{"embeddable":true,"href":"https:\/\/fotopoly.eus\/eu\/wp-json\/wp\/v2\/comments?post=1727"}],"version-history":[{"count":13,"href":"https:\/\/fotopoly.eus\/eu\/wp-json\/wp\/v2\/pages\/1727\/revisions"}],"predecessor-version":[{"id":2585,"href":"https:\/\/fotopoly.eus\/eu\/wp-json\/wp\/v2\/pages\/1727\/revisions\/2585"}],"wp:attachment":[{"href":"https:\/\/fotopoly.eus\/eu\/wp-json\/wp\/v2\/media?parent=1727"}],"curies":[{"name":"wp","href":"https:\/\/api.w.org\/{rel}","templated":true}]}}