{"id":1729,"date":"2025-11-11T12:10:26","date_gmt":"2025-11-11T11:10:26","guid":{"rendered":"https:\/\/fotopoly.eus\/?page_id=1729"},"modified":"2026-02-16T13:57:17","modified_gmt":"2026-02-16T12:57:17","slug":"publicidad","status":"publish","type":"page","link":"https:\/\/fotopoly.eus\/eu\/publicidad\/","title":{"rendered":"Publicidad &#8211; Campa\u00f1as"},"content":{"rendered":"<div data-elementor-type=\"wp-page\" data-elementor-id=\"1729\" class=\"elementor elementor-1729\">\n\t\t\t\t\t\t<section class=\"elementor-section elementor-top-section elementor-element elementor-element-e8bf8dd elementor-section-boxed elementor-section-height-default elementor-section-height-default\" data-id=\"e8bf8dd\" data-element_type=\"section\" data-e-type=\"section\">\n\t\t\t\t\t\t<div class=\"elementor-container elementor-column-gap-default\">\n\t\t\t\t\t<div class=\"elementor-column elementor-col-100 elementor-top-column elementor-element elementor-element-6545410\" data-id=\"6545410\" data-element_type=\"column\" data-e-type=\"column\">\n\t\t\t<div class=\"elementor-widget-wrap elementor-element-populated\">\n\t\t\t\t\t\t<div class=\"elementor-element elementor-element-f6a86f7 elementor-widget elementor-widget-heading\" data-id=\"f6a86f7\" data-element_type=\"widget\" data-e-type=\"widget\" data-widget_type=\"heading.default\">\n\t\t\t\t\t<h2 class=\"elementor-heading-title elementor-size-default\">Fotografia publicitaria<\/h2>\t\t\t\t<\/div>\n\t\t\t\t<div class=\"elementor-element elementor-element-f4b634f elementor-widget elementor-widget-image\" data-id=\"f4b634f\" data-element_type=\"widget\" data-e-type=\"widget\" data-widget_type=\"image.default\">\n\t\t\t\t\t\t\t\t\t\t\t\t\t\t\t<img fetchpriority=\"high\" decoding=\"async\" width=\"1142\" height=\"1637\" src=\"https:\/\/fotopoly.eus\/wp-content\/uploads\/2026\/02\/F_052-e1771252626195.jpeg\" class=\"attachment-full size-full wp-image-2596\" alt=\"\" srcset=\"https:\/\/fotopoly.eus\/wp-content\/uploads\/2026\/02\/F_052-e1771252626195.jpeg 1142w, https:\/\/fotopoly.eus\/wp-content\/uploads\/2026\/02\/F_052-e1771252626195-209x300.jpeg 209w, https:\/\/fotopoly.eus\/wp-content\/uploads\/2026\/02\/F_052-e1771252626195-714x1024.jpeg 714w, https:\/\/fotopoly.eus\/wp-content\/uploads\/2026\/02\/F_052-e1771252626195-768x1101.jpeg 768w, https:\/\/fotopoly.eus\/wp-content\/uploads\/2026\/02\/F_052-e1771252626195-1072x1536.jpeg 1072w, https:\/\/fotopoly.eus\/wp-content\/uploads\/2026\/02\/F_052-e1771252626195-100x143.jpeg 100w, https:\/\/fotopoly.eus\/wp-content\/uploads\/2026\/02\/F_052-e1771252626195-150x215.jpeg 150w, https:\/\/fotopoly.eus\/wp-content\/uploads\/2026\/02\/F_052-e1771252626195-200x287.jpeg 200w, https:\/\/fotopoly.eus\/wp-content\/uploads\/2026\/02\/F_052-e1771252626195-300x430.jpeg 300w, https:\/\/fotopoly.eus\/wp-content\/uploads\/2026\/02\/F_052-e1771252626195-450x645.jpeg 450w, https:\/\/fotopoly.eus\/wp-content\/uploads\/2026\/02\/F_052-e1771252626195-600x860.jpeg 600w, https:\/\/fotopoly.eus\/wp-content\/uploads\/2026\/02\/F_052-e1771252626195-900x1290.jpeg 900w\" sizes=\"(max-width: 1142px) 100vw, 1142px\" \/>\t\t\t\t\t\t\t\t\t\t\t\t\t\t\t<\/div>\n\t\t\t\t\t<\/div>\n\t\t<\/div>\n\t\t\t\t\t<\/div>\n\t\t<\/section>\n\t\t\t\t<section class=\"elementor-section elementor-top-section elementor-element elementor-element-11eb67d elementor-section-boxed elementor-section-height-default elementor-section-height-default\" data-id=\"11eb67d\" data-element_type=\"section\" data-e-type=\"section\">\n\t\t\t\t\t\t<div class=\"elementor-container elementor-column-gap-default\">\n\t\t\t\t\t<div class=\"elementor-column elementor-col-100 elementor-top-column elementor-element elementor-element-43c6dab\" data-id=\"43c6dab\" data-element_type=\"column\" data-e-type=\"column\">\n\t\t\t<div class=\"elementor-widget-wrap elementor-element-populated\">\n\t\t\t\t\t\t<div class=\"elementor-element elementor-element-d71a0d6 elementor-widget elementor-widget-heading\" data-id=\"d71a0d6\" data-element_type=\"widget\" data-e-type=\"widget\" data-widget_type=\"heading.default\">\n\t\t\t\t\t<h2 class=\"elementor-heading-title elementor-size-default\">La fotograf\u00eda es clave para mostrar y dar valor a un evento, proyecto o entidad.<\/h2>\t\t\t\t<\/div>\n\t\t\t\t<div class=\"elementor-element elementor-element-09d693c elementor-widget elementor-widget-text-editor\" data-id=\"09d693c\" data-element_type=\"widget\" data-e-type=\"widget\" data-widget_type=\"text-editor.default\">\n\t\t\t\t\t\t\t\t\t<p>Trabajo cubriendo eventos deportivos, culturales e institucionales, capturando los momentos m\u00e1s importantes de forma natural, profesional y cuidada.\u00a0Mi objetivo es crear fotograf\u00edas que transmitan lo que ocurre, el ambiente y la identidad de cada evento, con una mirada atenta y documental.<\/p><p>En mis sesiones de fotograf\u00eda publicitaria y campa\u00f1as cuido cada detalle para que tu producto, servicio o empresa destaque con una imagen profesional, atractiva y alineada con tu identidad.<\/p>\t\t\t\t\t\t\t\t<\/div>\n\t\t\t\t<div class=\"elementor-element elementor-element-4324e85 elementor-align-center elementor-widget elementor-widget-button\" data-id=\"4324e85\" data-element_type=\"widget\" data-e-type=\"widget\" data-widget_type=\"button.default\">\n\t\t\t\t\t\t\t\t\t\t<a class=\"elementor-button elementor-button-link elementor-size-sm\" href=\"https:\/\/fotopoly.eus\/eu\/contacto\/\">\n\t\t\t\t\t\t<span class=\"elementor-button-content-wrapper\">\n\t\t\t\t\t\t\t\t\t<span class=\"elementor-button-text\">Tu imagen es tu carta de presentaci\u00f3n. Hagamos que impacte.<\/span>\n\t\t\t\t\t<\/span>\n\t\t\t\t\t<\/a>\n\t\t\t\t\t\t\t\t<\/div>\n\t\t\t\t\t<\/div>\n\t\t<\/div>\n\t\t\t\t\t<\/div>\n\t\t<\/section>\n\t\t\t\t<section class=\"elementor-section elementor-top-section elementor-element elementor-element-17f00d5 elementor-section-boxed elementor-section-height-default elementor-section-height-default\" data-id=\"17f00d5\" data-element_type=\"section\" data-e-type=\"section\">\n\t\t\t\t\t\t<div class=\"elementor-container elementor-column-gap-default\">\n\t\t\t\t\t<div class=\"elementor-column elementor-col-100 elementor-top-column elementor-element elementor-element-3f20960\" data-id=\"3f20960\" data-element_type=\"column\" data-e-type=\"column\">\n\t\t\t<div class=\"elementor-widget-wrap elementor-element-populated\">\n\t\t\t\t\t\t<div class=\"elementor-element elementor-element-07ece54 elementor-widget elementor-widget-heading\" data-id=\"07ece54\" data-element_type=\"widget\" data-e-type=\"widget\" data-widget_type=\"heading.default\">\n\t\t\t\t\t<h2 class=\"elementor-heading-title elementor-size-default\">MIS TRABAJOS publicitarios<\/h2>\t\t\t\t<\/div>\n\t\t\t\t\t<\/div>\n\t\t<\/div>\n\t\t\t\t\t<\/div>\n\t\t<\/section>\n\t\t\t\t<section class=\"elementor-section elementor-top-section elementor-element elementor-element-5fa055d elementor-section-full_width elementor-section-height-default elementor-section-height-default\" data-id=\"5fa055d\" data-element_type=\"section\" data-e-type=\"section\">\n\t\t\t\t\t\t<div class=\"elementor-container elementor-column-gap-default\">\n\t\t\t\t\t<div class=\"elementor-column elementor-col-100 elementor-top-column elementor-element elementor-element-e991797\" data-id=\"e991797\" data-element_type=\"column\" data-e-type=\"column\">\n\t\t\t<div class=\"elementor-widget-wrap elementor-element-populated\">\n\t\t\t\t\t\t<div class=\"elementor-element elementor-element-74e8f5d elementor-widget elementor-widget-image-carousel\" data-id=\"74e8f5d\" data-element_type=\"widget\" data-e-type=\"widget\" data-settings=\"{&quot;slides_to_show&quot;:&quot;2&quot;,&quot;slides_to_scroll&quot;:&quot;2&quot;,&quot;navigation&quot;:&quot;none&quot;,&quot;pause_on_hover&quot;:&quot;no&quot;,&quot;pause_on_interaction&quot;:&quot;no&quot;,&quot;image_spacing_custom&quot;:{&quot;unit&quot;:&quot;px&quot;,&quot;size&quot;:10,&quot;sizes&quot;:[]},&quot;autoplay_speed&quot;:3000,&quot;autoplay&quot;:&quot;yes&quot;,&quot;infinite&quot;:&quot;yes&quot;,&quot;speed&quot;:500,&quot;image_spacing_custom_tablet&quot;:{&quot;unit&quot;:&quot;px&quot;,&quot;size&quot;:&quot;&quot;,&quot;sizes&quot;:[]},&quot;image_spacing_custom_mobile&quot;:{&quot;unit&quot;:&quot;px&quot;,&quot;size&quot;:&quot;&quot;,&quot;sizes&quot;:[]}}\" data-widget_type=\"image-carousel.default\">\n\t\t\t\t\t\t\t<div class=\"elementor-image-carousel-wrapper swiper\" role=\"region\" aria-roledescription=\"carousel\" aria-label=\"Image Carousel\" dir=\"ltr\">\n\t\t\t<div class=\"elementor-image-carousel swiper-wrapper\" aria-live=\"off\">\n\t\t\t\t\t\t\t\t<div class=\"swiper-slide\" role=\"group\" aria-roledescription=\"slide\" aria-label=\"1 of 14\" data-no-translation-aria-label=\"\"><figure class=\"swiper-slide-inner\"><img decoding=\"async\" class=\"swiper-slide-image\" src=\"https:\/\/fotopoly.eus\/wp-content\/uploads\/2026\/02\/F_016-scaled-e1771252696269.jpg\" alt=\"fotografia publicitaria\" \/><\/figure><\/div><div class=\"swiper-slide\" role=\"group\" aria-roledescription=\"slide\" aria-label=\"2 of 14\" data-no-translation-aria-label=\"\"><figure class=\"swiper-slide-inner\"><img decoding=\"async\" class=\"swiper-slide-image\" src=\"https:\/\/fotopoly.eus\/wp-content\/uploads\/2026\/02\/F_005-scaled.jpg\" alt=\"fotografa profesional\" \/><\/figure><\/div><div class=\"swiper-slide\" role=\"group\" aria-roledescription=\"slide\" aria-label=\"3 of 14\" data-no-translation-aria-label=\"\"><figure class=\"swiper-slide-inner\"><img decoding=\"async\" class=\"swiper-slide-image\" src=\"https:\/\/fotopoly.eus\/wp-content\/uploads\/2026\/02\/F_045-scaled.jpeg\" alt=\"foto publicidad\" \/><\/figure><\/div><div class=\"swiper-slide\" role=\"group\" aria-roledescription=\"slide\" aria-label=\"4 of 14\" data-no-translation-aria-label=\"\"><figure class=\"swiper-slide-inner\"><img decoding=\"async\" class=\"swiper-slide-image\" src=\"https:\/\/fotopoly.eus\/wp-content\/uploads\/2026\/02\/F_042-scaled.jpeg\" alt=\"fotografo profesional en donosti\" \/><\/figure><\/div><div class=\"swiper-slide\" role=\"group\" aria-roledescription=\"slide\" aria-label=\"5 of 14\" data-no-translation-aria-label=\"\"><figure class=\"swiper-slide-inner\"><img decoding=\"async\" class=\"swiper-slide-image\" src=\"https:\/\/fotopoly.eus\/wp-content\/uploads\/2026\/02\/F_032-scaled.jpg\" alt=\"fotografo donosti\" \/><\/figure><\/div><div class=\"swiper-slide\" role=\"group\" aria-roledescription=\"slide\" aria-label=\"6 of 14\" data-no-translation-aria-label=\"\"><figure class=\"swiper-slide-inner\"><img decoding=\"async\" class=\"swiper-slide-image\" src=\"https:\/\/fotopoly.eus\/wp-content\/uploads\/2026\/02\/F_048-scaled.jpeg\" alt=\"fotografia profesional san sebastian\" \/><\/figure><\/div><div class=\"swiper-slide\" role=\"group\" aria-roledescription=\"slide\" aria-label=\"7 of 14\" data-no-translation-aria-label=\"\"><figure class=\"swiper-slide-inner\"><img decoding=\"async\" class=\"swiper-slide-image\" src=\"https:\/\/fotopoly.eus\/wp-content\/uploads\/2026\/02\/F_052-e1771252626195.jpeg\" alt=\"F_052\" \/><\/figure><\/div><div class=\"swiper-slide\" role=\"group\" aria-roledescription=\"slide\" aria-label=\"8 of 14\" data-no-translation-aria-label=\"\"><figure class=\"swiper-slide-inner\"><img decoding=\"async\" class=\"swiper-slide-image\" src=\"https:\/\/fotopoly.eus\/wp-content\/uploads\/2026\/02\/F_053-scaled.jpeg\" alt=\"F_053\" \/><\/figure><\/div><div class=\"swiper-slide\" role=\"group\" aria-roledescription=\"slide\" aria-label=\"9 of 14\" data-no-translation-aria-label=\"\"><figure class=\"swiper-slide-inner\"><img decoding=\"async\" class=\"swiper-slide-image\" src=\"https:\/\/fotopoly.eus\/wp-content\/uploads\/2026\/02\/F_054-scaled.jpeg\" alt=\"F_054\" \/><\/figure><\/div><div class=\"swiper-slide\" role=\"group\" aria-roledescription=\"slide\" aria-label=\"10 of 14\" data-no-translation-aria-label=\"\"><figure class=\"swiper-slide-inner\"><img decoding=\"async\" class=\"swiper-slide-image\" src=\"https:\/\/fotopoly.eus\/wp-content\/uploads\/2026\/02\/F_060-scaled.jpeg\" alt=\"F_060\" \/><\/figure><\/div><div class=\"swiper-slide\" role=\"group\" aria-roledescription=\"slide\" aria-label=\"11 of 14\" data-no-translation-aria-label=\"\"><figure class=\"swiper-slide-inner\"><img decoding=\"async\" class=\"swiper-slide-image\" src=\"https:\/\/fotopoly.eus\/wp-content\/uploads\/2026\/02\/F_061-scaled.jpg\" alt=\"F_061\" \/><\/figure><\/div><div class=\"swiper-slide\" role=\"group\" aria-roledescription=\"slide\" aria-label=\"12 of 14\" data-no-translation-aria-label=\"\"><figure class=\"swiper-slide-inner\"><img decoding=\"async\" class=\"swiper-slide-image\" src=\"https:\/\/fotopoly.eus\/wp-content\/uploads\/2026\/02\/F_080-scaled.jpg\" alt=\"F_080\" \/><\/figure><\/div><div class=\"swiper-slide\" role=\"group\" aria-roledescription=\"slide\" aria-label=\"13 of 14\" data-no-translation-aria-label=\"\"><figure class=\"swiper-slide-inner\"><img decoding=\"async\" class=\"swiper-slide-image\" src=\"https:\/\/fotopoly.eus\/wp-content\/uploads\/2026\/02\/F_088-scaled.jpg\" alt=\"F_088\" \/><\/figure><\/div><div class=\"swiper-slide\" role=\"group\" aria-roledescription=\"slide\" aria-label=\"14 of 14\" data-no-translation-aria-label=\"\"><figure class=\"swiper-slide-inner\"><img decoding=\"async\" class=\"swiper-slide-image\" src=\"https:\/\/fotopoly.eus\/wp-content\/uploads\/2026\/02\/F_110-scaled.jpg\" alt=\"F_110\" \/><\/figure><\/div>\t\t\t<\/div>\n\t\t\t\t\t\t\t\n\t\t\t\t\t\t\t\t\t<\/div>\n\t\t\t\t\t\t<\/div>\n\t\t\t\t\t<\/div>\n\t\t<\/div>\n\t\t\t\t\t<\/div>\n\t\t<\/section>\n\t\t\t\t<\/div>","protected":false},"excerpt":{"rendered":"<p>Fotografia publicitaria La fotograf\u00eda es clave para mostrar y dar valor a un evento, proyecto o entidad. Trabajo cubriendo eventos deportivos, culturales e institucionales, capturando los momentos m\u00e1s importantes de forma natural, profesional y cuidada.\u00a0Mi objetivo es crear fotograf\u00edas que &hellip;<\/p>\n<p class=\"read-more\"> <a class=\"more-link\" href=\"https:\/\/fotopoly.eus\/eu\/publicidad\/\"> <span class=\"screen-reader-text\">Publicidad &#8211; Campa\u00f1as<\/span> Read More &raquo;<\/a><\/p>","protected":false},"author":1,"featured_media":0,"parent":0,"menu_order":0,"comment_status":"closed","ping_status":"closed","template":"elementor_header_footer","meta":{"footnotes":""},"class_list":["post-1729","page","type-page","status-publish","hentry"],"yoast_head":"<!-- This site is optimized with the Yoast SEO plugin v27.4 - https:\/\/yoast.com\/product\/yoast-seo-wordpress\/ -->\n<title>Publicidad - Campa\u00f1as - Foto Poly Argazkiak - Fot\u00f3grafo en Errenteria<\/title>\n<meta name=\"robots\" content=\"index, follow, max-snippet:-1, max-image-preview:large, max-video-preview:-1\" \/>\n<link rel=\"canonical\" href=\"https:\/\/fotopoly.eus\/eu\/publicidad\/\" \/>\n<meta property=\"og:locale\" content=\"en_US\" \/>\n<meta property=\"og:type\" content=\"article\" \/>\n<meta property=\"og:title\" content=\"Publicidad - Campa\u00f1as - Foto Poly Argazkiak - Fot\u00f3grafo en Errenteria\" \/>\n<meta property=\"og:description\" content=\"Fotografia publicitaria La fotograf\u00eda es clave para mostrar y dar valor a un evento, proyecto o entidad. Trabajo cubriendo eventos deportivos, culturales e institucionales, capturando los momentos m\u00e1s importantes de forma natural, profesional y cuidada.\u00a0Mi objetivo es crear fotograf\u00edas que &hellip; Publicidad &#8211; Campa\u00f1as Read More &raquo;\" \/>\n<meta property=\"og:url\" content=\"https:\/\/fotopoly.eus\/eu\/publicidad\/\" \/>\n<meta property=\"og:site_name\" content=\"Foto Poly Argazkiak - Fot\u00f3grafo en Errenteria\" \/>\n<meta property=\"article:modified_time\" content=\"2026-02-16T12:57:17+00:00\" \/>\n<meta property=\"og:image\" content=\"https:\/\/fotopoly.eus\/wp-content\/uploads\/2026\/02\/F_052.jpeg\" \/>\n<meta name=\"twitter:card\" content=\"summary_large_image\" \/>\n<meta name=\"twitter:label1\" content=\"Est. reading time\" \/>\n\t<meta name=\"twitter:data1\" content=\"1 minutua\" \/>\n<script type=\"application\/ld+json\" class=\"yoast-schema-graph\">{\"@context\":\"https:\\\/\\\/schema.org\",\"@graph\":[{\"@type\":\"WebPage\",\"@id\":\"https:\\\/\\\/fotopoly.eus\\\/publicidad\\\/\",\"url\":\"https:\\\/\\\/fotopoly.eus\\\/publicidad\\\/\",\"name\":\"Publicidad - Campa\u00f1as - Foto Poly Argazkiak - Fot\u00f3grafo en Errenteria\",\"isPartOf\":{\"@id\":\"https:\\\/\\\/snow-flamingo-245588.hostingersite.com\\\/#website\"},\"primaryImageOfPage\":{\"@id\":\"https:\\\/\\\/fotopoly.eus\\\/publicidad\\\/#primaryimage\"},\"image\":{\"@id\":\"https:\\\/\\\/fotopoly.eus\\\/publicidad\\\/#primaryimage\"},\"thumbnailUrl\":\"https:\\\/\\\/fotopoly.eus\\\/wp-content\\\/uploads\\\/2026\\\/02\\\/F_052.jpeg\",\"datePublished\":\"2025-11-11T11:10:26+00:00\",\"dateModified\":\"2026-02-16T12:57:17+00:00\",\"breadcrumb\":{\"@id\":\"https:\\\/\\\/fotopoly.eus\\\/publicidad\\\/#breadcrumb\"},\"inLanguage\":\"eu\",\"potentialAction\":[{\"@type\":\"ReadAction\",\"target\":[\"https:\\\/\\\/fotopoly.eus\\\/publicidad\\\/\"]}]},{\"@type\":\"ImageObject\",\"inLanguage\":\"eu\",\"@id\":\"https:\\\/\\\/fotopoly.eus\\\/publicidad\\\/#primaryimage\",\"url\":\"https:\\\/\\\/fotopoly.eus\\\/wp-content\\\/uploads\\\/2026\\\/02\\\/F_052.jpeg\",\"contentUrl\":\"https:\\\/\\\/fotopoly.eus\\\/wp-content\\\/uploads\\\/2026\\\/02\\\/F_052.jpeg\"},{\"@type\":\"BreadcrumbList\",\"@id\":\"https:\\\/\\\/fotopoly.eus\\\/publicidad\\\/#breadcrumb\",\"itemListElement\":[{\"@type\":\"ListItem\",\"position\":1,\"name\":\"Portada\",\"item\":\"https:\\\/\\\/snow-flamingo-245588.hostingersite.com\\\/\"},{\"@type\":\"ListItem\",\"position\":2,\"name\":\"Publicidad &#8211; Campa\u00f1as\"}]},{\"@type\":\"WebSite\",\"@id\":\"https:\\\/\\\/snow-flamingo-245588.hostingersite.com\\\/#website\",\"url\":\"https:\\\/\\\/snow-flamingo-245588.hostingersite.com\\\/\",\"name\":\"Foto Poly Argazkiak - Fot\u00f3grafo en Errenteria\",\"description\":\"Sesiones en estudio y exterior, retratos y eventos, revelado y copias al momento. Imprime tus fotos con calidad profesional y buen asesoramiento.\",\"publisher\":{\"@id\":\"https:\\\/\\\/snow-flamingo-245588.hostingersite.com\\\/#organization\"},\"potentialAction\":[{\"@type\":\"SearchAction\",\"target\":{\"@type\":\"EntryPoint\",\"urlTemplate\":\"https:\\\/\\\/snow-flamingo-245588.hostingersite.com\\\/?s={search_term_string}\"},\"query-input\":{\"@type\":\"PropertyValueSpecification\",\"valueRequired\":true,\"valueName\":\"search_term_string\"}}],\"inLanguage\":\"eu\"},{\"@type\":\"Organization\",\"@id\":\"https:\\\/\\\/snow-flamingo-245588.hostingersite.com\\\/#organization\",\"name\":\"Foto Poly Argazkiak\",\"url\":\"https:\\\/\\\/snow-flamingo-245588.hostingersite.com\\\/\",\"logo\":{\"@type\":\"ImageObject\",\"inLanguage\":\"eu\",\"@id\":\"https:\\\/\\\/snow-flamingo-245588.hostingersite.com\\\/#\\\/schema\\\/logo\\\/image\\\/\",\"url\":\"https:\\\/\\\/fotopoly.eus\\\/wp-content\\\/uploads\\\/2025\\\/11\\\/cropped-logoFotoPolyHorizontal_nobg.png\",\"contentUrl\":\"https:\\\/\\\/fotopoly.eus\\\/wp-content\\\/uploads\\\/2025\\\/11\\\/cropped-logoFotoPolyHorizontal_nobg.png\",\"width\":904,\"height\":283,\"caption\":\"Foto Poly Argazkiak\"},\"image\":{\"@id\":\"https:\\\/\\\/snow-flamingo-245588.hostingersite.com\\\/#\\\/schema\\\/logo\\\/image\\\/\"}}]}<\/script>\n<!-- \/ Yoast SEO plugin. -->","yoast_head_json":{"title":"Publicidad - Campa\u00f1as - Foto Poly Argazkiak - Fot\u00f3grafo en Errenteria","robots":{"index":"index","follow":"follow","max-snippet":"max-snippet:-1","max-image-preview":"max-image-preview:large","max-video-preview":"max-video-preview:-1"},"canonical":"https:\/\/fotopoly.eus\/eu\/publicidad\/","og_locale":"en_US","og_type":"article","og_title":"Publicidad - Campa\u00f1as - Foto Poly Argazkiak - Fot\u00f3grafo en Errenteria","og_description":"Fotografia publicitaria La fotograf\u00eda es clave para mostrar y dar valor a un evento, proyecto o entidad. Trabajo cubriendo eventos deportivos, culturales e institucionales, capturando los momentos m\u00e1s importantes de forma natural, profesional y cuidada.\u00a0Mi objetivo es crear fotograf\u00edas que &hellip; Publicidad &#8211; Campa\u00f1as Read More &raquo;","og_url":"https:\/\/fotopoly.eus\/eu\/publicidad\/","og_site_name":"Foto Poly Argazkiak - Fot\u00f3grafo en Errenteria","article_modified_time":"2026-02-16T12:57:17+00:00","og_image":[{"url":"https:\/\/fotopoly.eus\/wp-content\/uploads\/2026\/02\/F_052.jpeg","type":"","width":"","height":""}],"twitter_card":"summary_large_image","twitter_misc":{"Est. reading time":"1 minutua"},"schema":{"@context":"https:\/\/schema.org","@graph":[{"@type":"WebPage","@id":"https:\/\/fotopoly.eus\/publicidad\/","url":"https:\/\/fotopoly.eus\/publicidad\/","name":"Publicidad - Campa\u00f1as - Foto Poly Argazkiak - Fot\u00f3grafo en Errenteria","isPartOf":{"@id":"https:\/\/snow-flamingo-245588.hostingersite.com\/#website"},"primaryImageOfPage":{"@id":"https:\/\/fotopoly.eus\/publicidad\/#primaryimage"},"image":{"@id":"https:\/\/fotopoly.eus\/publicidad\/#primaryimage"},"thumbnailUrl":"https:\/\/fotopoly.eus\/wp-content\/uploads\/2026\/02\/F_052.jpeg","datePublished":"2025-11-11T11:10:26+00:00","dateModified":"2026-02-16T12:57:17+00:00","breadcrumb":{"@id":"https:\/\/fotopoly.eus\/publicidad\/#breadcrumb"},"inLanguage":"eu","potentialAction":[{"@type":"ReadAction","target":["https:\/\/fotopoly.eus\/publicidad\/"]}]},{"@type":"ImageObject","inLanguage":"eu","@id":"https:\/\/fotopoly.eus\/publicidad\/#primaryimage","url":"https:\/\/fotopoly.eus\/wp-content\/uploads\/2026\/02\/F_052.jpeg","contentUrl":"https:\/\/fotopoly.eus\/wp-content\/uploads\/2026\/02\/F_052.jpeg"},{"@type":"BreadcrumbList","@id":"https:\/\/fotopoly.eus\/publicidad\/#breadcrumb","itemListElement":[{"@type":"ListItem","position":1,"name":"Portada","item":"https:\/\/snow-flamingo-245588.hostingersite.com\/"},{"@type":"ListItem","position":2,"name":"Publicidad &#8211; Campa\u00f1as"}]},{"@type":"WebSite","@id":"https:\/\/snow-flamingo-245588.hostingersite.com\/#website","url":"https:\/\/snow-flamingo-245588.hostingersite.com\/","name":"Foto Poly Argazkiak - Fot\u00f3grafo en Errenteria","description":"Sesiones en estudio y exterior, retratos y eventos, revelado y copias al momento. Imprime tus fotos con calidad profesional y buen asesoramiento.","publisher":{"@id":"https:\/\/snow-flamingo-245588.hostingersite.com\/#organization"},"potentialAction":[{"@type":"SearchAction","target":{"@type":"EntryPoint","urlTemplate":"https:\/\/snow-flamingo-245588.hostingersite.com\/?s={search_term_string}"},"query-input":{"@type":"PropertyValueSpecification","valueRequired":true,"valueName":"search_term_string"}}],"inLanguage":"eu"},{"@type":"Organization","@id":"https:\/\/snow-flamingo-245588.hostingersite.com\/#organization","name":"Foto Poly Argazkiak","url":"https:\/\/snow-flamingo-245588.hostingersite.com\/","logo":{"@type":"ImageObject","inLanguage":"eu","@id":"https:\/\/snow-flamingo-245588.hostingersite.com\/#\/schema\/logo\/image\/","url":"https:\/\/fotopoly.eus\/wp-content\/uploads\/2025\/11\/cropped-logoFotoPolyHorizontal_nobg.png","contentUrl":"https:\/\/fotopoly.eus\/wp-content\/uploads\/2025\/11\/cropped-logoFotoPolyHorizontal_nobg.png","width":904,"height":283,"caption":"Foto Poly Argazkiak"},"image":{"@id":"https:\/\/snow-flamingo-245588.hostingersite.com\/#\/schema\/logo\/image\/"}}]}},"_hostinger_reach_plugin_has_subscription_block":false,"_hostinger_reach_plugin_is_elementor":false,"featured_image_src":"","featured_image_src_square":false,"rbea_author_info":{"display_name":"gorka.lopez@colectivia.com","author_link":"https:\/\/fotopoly.eus\/eu\/author\/gorka-lopezcolectivia-com\/"},"rbea_excerpt_info":"Fotografia publicitaria La fotograf\u00eda es clave para mostrar y dar valor a un evento, proyecto o entidad. Trabajo cubriendo eventos deportivos, culturales e institucionales, capturando los momentos m\u00e1s importantes de forma natural, profesional y cuidada.\u00a0Mi objetivo es crear fotograf\u00edas que &hellip;<p class=\"read-more\"> <a class=\"more-link\" href=\"https:\/\/fotopoly.eus\/eu\/publicidad\/\"> <span class=\"screen-reader-text\">Publicidad &#8211; Campa\u00f1as<\/span> Read More &raquo;<\/a><\/p>","_links":{"self":[{"href":"https:\/\/fotopoly.eus\/eu\/wp-json\/wp\/v2\/pages\/1729","targetHints":{"allow":["GET"]}}],"collection":[{"href":"https:\/\/fotopoly.eus\/eu\/wp-json\/wp\/v2\/pages"}],"about":[{"href":"https:\/\/fotopoly.eus\/eu\/wp-json\/wp\/v2\/types\/page"}],"author":[{"embeddable":true,"href":"https:\/\/fotopoly.eus\/eu\/wp-json\/wp\/v2\/users\/1"}],"replies":[{"embeddable":true,"href":"https:\/\/fotopoly.eus\/eu\/wp-json\/wp\/v2\/comments?post=1729"}],"version-history":[{"count":18,"href":"https:\/\/fotopoly.eus\/eu\/wp-json\/wp\/v2\/pages\/1729\/revisions"}],"predecessor-version":[{"id":2615,"href":"https:\/\/fotopoly.eus\/eu\/wp-json\/wp\/v2\/pages\/1729\/revisions\/2615"}],"wp:attachment":[{"href":"https:\/\/fotopoly.eus\/eu\/wp-json\/wp\/v2\/media?parent=1729"}],"curies":[{"name":"wp","href":"https:\/\/api.w.org\/{rel}","templated":true}]}}