{"id":1940,"date":"2025-11-13T16:18:19","date_gmt":"2025-11-13T15:18:19","guid":{"rendered":"https:\/\/fotopoly.eus\/?page_id=1940"},"modified":"2025-11-19T17:52:32","modified_gmt":"2025-11-19T16:52:32","slug":"aviso-legal","status":"publish","type":"page","link":"https:\/\/fotopoly.eus\/eu\/aviso-legal\/","title":{"rendered":"Aviso Legal"},"content":{"rendered":"<div data-elementor-type=\"wp-page\" data-elementor-id=\"1940\" class=\"elementor elementor-1940\">\n\t\t\t\t<div class=\"elementor-element elementor-element-9a8b8a6 e-flex e-con-boxed e-con e-parent\" data-id=\"9a8b8a6\" data-element_type=\"container\" data-e-type=\"container\" data-settings=\"{&quot;background_background&quot;:&quot;classic&quot;}\">\n\t\t\t\t\t<div class=\"e-con-inner\">\n\t\t\t\t<div class=\"elementor-element elementor-element-56d592d elementor-widget elementor-widget-heading\" data-id=\"56d592d\" data-element_type=\"widget\" data-e-type=\"widget\" data-widget_type=\"heading.default\">\n\t\t\t\t\t<h2 class=\"elementor-heading-title elementor-size-default\">Aviso Legal<\/h2>\t\t\t\t<\/div>\n\t\t\t\t<div class=\"elementor-element elementor-element-051bd77 elementor-widget elementor-widget-heading\" data-id=\"051bd77\" data-element_type=\"widget\" data-e-type=\"widget\" data-widget_type=\"heading.default\">\n\t\t\t\t\t<h3 class=\"elementor-heading-title elementor-size-default\">1. Informaci\u00f3n general<\/h3>\t\t\t\t<\/div>\n\t\t\t\t<div class=\"elementor-element elementor-element-e259431 elementor-widget elementor-widget-text-editor\" data-id=\"e259431\" data-element_type=\"widget\" data-e-type=\"widget\" data-widget_type=\"text-editor.default\">\n\t\t\t\t\t\t\t\t\t<p>En cumplimiento con el deber de informaci\u00f3n recogido en el art\u00edculo 10 de la Ley 34\/2002, de 11 de julio, de Servicios de la Sociedad de la Informaci\u00f3n y del Comercio Electr\u00f3nico (LSSI-CE), se pone a disposici\u00f3n de los usuarios la siguiente informaci\u00f3n:<\/p>\n<p><strong>Titular del sitio web<\/strong>: MAIALEN ANDRES URBIETA<\/p>\n<p><strong>NIF<\/strong>:&nbsp;44166895H<\/p>\n<p><strong>Direcci\u00f3n<\/strong>: Alameda de Gam\u00f3n, 7 Bajo, 20100 Errenteria, Gipuzkoa<\/p>\n<p><strong>Correo electr\u00f3nico<\/strong>: fotografiapoly@gmail.com<\/p>\n<p><strong>Tel\u00e9fono<\/strong>: 943 51 72 60<\/p>\n<p>Este sitio web es propiedad y est\u00e1 gestionado por <strong>Foto Poly Argazkiak<\/strong>. Actuando como trabajador aut\u00f3nomo.&nbsp;La actividad del sitio web consiste en servicios de fotograf\u00eda profesional.<\/p>\t\t\t\t\t\t\t\t<\/div>\n\t\t\t\t<div class=\"elementor-element elementor-element-3a635e5 elementor-widget elementor-widget-heading\" data-id=\"3a635e5\" data-element_type=\"widget\" data-e-type=\"widget\" data-widget_type=\"heading.default\">\n\t\t\t\t\t<h3 class=\"elementor-heading-title elementor-size-default\">2. Objeto<\/h3>\t\t\t\t<\/div>\n\t\t\t\t<div class=\"elementor-element elementor-element-21d4b97 elementor-widget elementor-widget-text-editor\" data-id=\"21d4b97\" data-element_type=\"widget\" data-e-type=\"widget\" data-widget_type=\"text-editor.default\">\n\t\t\t\t\t\t\t\t\t<p>El presente Aviso Legal regula el acceso, navegaci\u00f3n y uso del sitio web https:\/\/fotopoly.es (en adelante, \u201cel sitio web\u201d), as\u00ed como las responsabilidades derivadas de la utilizaci\u00f3n de sus contenidos (entendiendo por estos los textos, gr\u00e1ficos, ilustraciones, dise\u00f1os, c\u00f3digos, software, fotograf\u00edas, m\u00fasica, v\u00eddeos, sonidos, bases de datos, im\u00e1genes, expresiones e informaciones, as\u00ed como cualquier otra creaci\u00f3n protegida por las leyes nacionales y los tratados internacionales sobre propiedad intelectual e industrial).<\/p><p>El acceso al sitio web implica la aceptaci\u00f3n expresa de las presentes condiciones.<\/p>\t\t\t\t\t\t\t\t<\/div>\n\t\t\t\t<div class=\"elementor-element elementor-element-8c0ee72 elementor-widget elementor-widget-heading\" data-id=\"8c0ee72\" data-element_type=\"widget\" data-e-type=\"widget\" data-widget_type=\"heading.default\">\n\t\t\t\t\t<h3 class=\"elementor-heading-title elementor-size-default\">3. Condiciones de uso<\/h3>\t\t\t\t<\/div>\n\t\t\t\t<div class=\"elementor-element elementor-element-5c4e262 elementor-widget elementor-widget-text-editor\" data-id=\"5c4e262\" data-element_type=\"widget\" data-e-type=\"widget\" data-widget_type=\"text-editor.default\">\n\t\t\t\t\t\t\t\t\t<p>El usuario se compromete a utilizar el sitio web de forma l\u00edcita y conforme a lo dispuesto en el presente Aviso Legal, absteni\u00e9ndose de realizar cualquier actividad que pudiera da\u00f1ar, sobrecargar, inutilizar o deteriorar el normal funcionamiento del mismo, as\u00ed como de las informaciones, documentos, archivos y toda clase de contenidos almacenados.<\/p><p>Queda prohibido:<br \/>&#8211; La reproducci\u00f3n, distribuci\u00f3n o modificaci\u00f3n, total o parcial, de los contenidos del sitio web, salvo autorizaci\u00f3n expresa del titular.<br \/>&#8211; El uso de este sitio web con fines il\u00edcitos o lesivos, o que puedan impedir, da\u00f1ar o deteriorar su normal funcionamiento.<\/p>\t\t\t\t\t\t\t\t<\/div>\n\t\t\t\t<div class=\"elementor-element elementor-element-9620234 elementor-widget elementor-widget-heading\" data-id=\"9620234\" data-element_type=\"widget\" data-e-type=\"widget\" data-widget_type=\"heading.default\">\n\t\t\t\t\t<h3 class=\"elementor-heading-title elementor-size-default\">4. Responsabilidad<\/h3>\t\t\t\t<\/div>\n\t\t\t\t<div class=\"elementor-element elementor-element-5382717 elementor-widget elementor-widget-text-editor\" data-id=\"5382717\" data-element_type=\"widget\" data-e-type=\"widget\" data-widget_type=\"text-editor.default\">\n\t\t\t\t\t\t\t\t\t<p>Foto Poly Argazkiak no se hace responsable de:<br \/>\u2013 Los da\u00f1os y perjuicios que pudieran derivarse del mal uso de los servicios y contenidos por parte de los usuarios.<br \/>\u2013 La presencia de virus u otros elementos que puedan producir alteraciones en los sistemas inform\u00e1ticos, documentos electr\u00f3nicos o datos de los usuarios.<br \/>\u2013 Los contenidos, productos y servicios enlazados a trav\u00e9s de enlaces o hiperv\u00ednculos de terceros que pudieran aparecer en el sitio web.<\/p>\t\t\t\t\t\t\t\t<\/div>\n\t\t\t\t<div class=\"elementor-element elementor-element-3a6d90d elementor-widget elementor-widget-heading\" data-id=\"3a6d90d\" data-element_type=\"widget\" data-e-type=\"widget\" data-widget_type=\"heading.default\">\n\t\t\t\t\t<h3 class=\"elementor-heading-title elementor-size-default\">5. Propiedad intelectual e industrial<\/h3>\t\t\t\t<\/div>\n\t\t\t\t<div class=\"elementor-element elementor-element-a8f9346 elementor-widget elementor-widget-text-editor\" data-id=\"a8f9346\" data-element_type=\"widget\" data-e-type=\"widget\" data-widget_type=\"text-editor.default\">\n\t\t\t\t\t\t\t\t\t<p>Todos los contenidos del sitio web (textos, fotograf\u00edas, gr\u00e1ficos, im\u00e1genes, iconos, tecnolog\u00eda, software, dise\u00f1o gr\u00e1fico, c\u00f3digo fuente, etc.), as\u00ed como las marcas y dem\u00e1s signos distintivos, son propiedad de Foto Poly Argazkiak o de terceros, contando el titular con autorizaci\u00f3n expresa para su uso, y est\u00e1n protegidos por la normativa vigente de propiedad intelectual e industrial.<\/p><p>El usuario \u00fanicamente podr\u00e1 utilizar los contenidos para su uso personal y privado. Queda prohibido su uso con fines comerciales o il\u00edcitos.<\/p>\t\t\t\t\t\t\t\t<\/div>\n\t\t\t\t<div class=\"elementor-element elementor-element-f1d797f elementor-widget elementor-widget-heading\" data-id=\"f1d797f\" data-element_type=\"widget\" data-e-type=\"widget\" data-widget_type=\"heading.default\">\n\t\t\t\t\t<h3 class=\"elementor-heading-title elementor-size-default\">6. Pol\u00edtica de privacidad y cookies<\/h3>\t\t\t\t<\/div>\n\t\t\t\t<div class=\"elementor-element elementor-element-217cb42 elementor-widget elementor-widget-text-editor\" data-id=\"217cb42\" data-element_type=\"widget\" data-e-type=\"widget\" data-widget_type=\"text-editor.default\">\n\t\t\t\t\t\t\t\t\t<p>El tratamiento de los datos personales se realizar\u00e1 conforme a lo establecido en la Pol\u00edtica de Privacidad y en la Pol\u00edtica de Cookies, que el usuario puede consultar en las secciones correspondientes de este sitio web.<\/p>\t\t\t\t\t\t\t\t<\/div>\n\t\t\t\t<div class=\"elementor-element elementor-element-27df01c elementor-widget elementor-widget-heading\" data-id=\"27df01c\" data-element_type=\"widget\" data-e-type=\"widget\" data-widget_type=\"heading.default\">\n\t\t\t\t\t<h3 class=\"elementor-heading-title elementor-size-default\">7. Legislaci\u00f3n y jurisdicci\u00f3n aplicable<\/h3>\t\t\t\t<\/div>\n\t\t\t\t<div class=\"elementor-element elementor-element-e15b366 elementor-widget elementor-widget-text-editor\" data-id=\"e15b366\" data-element_type=\"widget\" data-e-type=\"widget\" data-widget_type=\"text-editor.default\">\n\t\t\t\t\t\t\t\t\t<p>Este Aviso Legal se rige en todos y cada uno de sus extremos por la legislaci\u00f3n espa\u00f1ola y europea aplicable.<\/p>\n<p>Para la resoluci\u00f3n de cualquier conflicto derivado del acceso al sitio web, el usuario y Foto Poly Argazkiak acuerdan someterse expresamente a los juzgados y tribunales de la ciudad de Donostia, Gipuzkoa. En caso de que el usuario tenga la condici\u00f3n de consumidor, la jurisdicci\u00f3n aplicable ser\u00e1 la que corresponda seg\u00fan la normativa de consumidores vigente.<\/p><p>En caso de que el usuario tenga la condici\u00f3n de consumidor, cualquier conflicto se someter\u00e1 a los juzgados y tribunales de su domicilio o a aquellos que resulten competentes seg\u00fan la normativa de consumidores y usuarios vigente.<\/p>\t\t\t\t\t\t\t\t<\/div>\n\t\t\t\t<div class=\"elementor-element elementor-element-a7631f4 elementor-widget elementor-widget-heading\" data-id=\"a7631f4\" data-element_type=\"widget\" data-e-type=\"widget\" data-widget_type=\"heading.default\">\n\t\t\t\t\t<h3 class=\"elementor-heading-title elementor-size-default\">8. Contacto<\/h3>\t\t\t\t<\/div>\n\t\t\t\t<div class=\"elementor-element elementor-element-427dcd4 elementor-widget elementor-widget-text-editor\" data-id=\"427dcd4\" data-element_type=\"widget\" data-e-type=\"widget\" data-widget_type=\"text-editor.default\">\n\t\t\t\t\t\t\t\t\t<p>Para cualquier consulta, comentario o notificaci\u00f3n relativa al presente Aviso Legal, el usuario puede dirigirse a Foto Poly Argazkiak a trav\u00e9s de los siguientes medios:<\/p><p>Direcci\u00f3n: Alameda de Gam\u00f3n, 7 Bajo, 20100 Errenteria, Gipuzkoa<\/p><p>Correo electr\u00f3nico: fotografiapoly@gmail.com<\/p><p>Tel\u00e9fono: 943 51 72 60<\/p>\t\t\t\t\t\t\t\t<\/div>\n\t\t\t\t<div class=\"elementor-element elementor-element-c7b2dc6 elementor-widget elementor-widget-text-editor\" data-id=\"c7b2dc6\" data-element_type=\"widget\" data-e-type=\"widget\" data-widget_type=\"text-editor.default\">\n\t\t\t\t\t\t\t\t\t<p><em>Este Aviso Legal se actualiz\u00f3 por \u00faltima vez el 13 de noviembre de 2025<\/em><\/p>\t\t\t\t\t\t\t\t<\/div>\n\t\t\t\t\t<\/div>\n\t\t\t\t<\/div>\n\t\t\t\t<\/div>","protected":false},"excerpt":{"rendered":"<p>Aviso Legal 1. Informaci\u00f3n general En cumplimiento con el deber de informaci\u00f3n recogido en el art\u00edculo 10 de la Ley 34\/2002, de 11 de julio, de Servicios de la Sociedad de la Informaci\u00f3n y del Comercio Electr\u00f3nico (LSSI-CE), se pone &hellip;<\/p>\n<p class=\"read-more\"> <a class=\"more-link\" href=\"https:\/\/fotopoly.eus\/eu\/aviso-legal\/\"> <span class=\"screen-reader-text\">Aviso Legal<\/span> Read More &raquo;<\/a><\/p>","protected":false},"author":1,"featured_media":0,"parent":0,"menu_order":0,"comment_status":"closed","ping_status":"closed","template":"elementor_header_footer","meta":{"footnotes":""},"class_list":["post-1940","page","type-page","status-publish","hentry"],"yoast_head":"<!-- This site is optimized with the Yoast SEO plugin v27.4 - https:\/\/yoast.com\/product\/yoast-seo-wordpress\/ -->\n<title>Aviso Legal - Foto Poly Argazkiak - Fot\u00f3grafo en Errenteria<\/title>\n<meta name=\"robots\" content=\"index, follow, max-snippet:-1, max-image-preview:large, max-video-preview:-1\" \/>\n<link rel=\"canonical\" href=\"https:\/\/fotopoly.eus\/eu\/aviso-legal\/\" \/>\n<meta property=\"og:locale\" content=\"en_US\" \/>\n<meta property=\"og:type\" content=\"article\" \/>\n<meta property=\"og:title\" content=\"Aviso Legal - Foto Poly Argazkiak - Fot\u00f3grafo en Errenteria\" \/>\n<meta property=\"og:description\" content=\"Aviso Legal 1. Informaci\u00f3n general En cumplimiento con el deber de informaci\u00f3n recogido en el art\u00edculo 10 de la Ley 34\/2002, de 11 de julio, de Servicios de la Sociedad de la Informaci\u00f3n y del Comercio Electr\u00f3nico (LSSI-CE), se pone &hellip; Aviso Legal Read More &raquo;\" \/>\n<meta property=\"og:url\" content=\"https:\/\/fotopoly.eus\/eu\/aviso-legal\/\" \/>\n<meta property=\"og:site_name\" content=\"Foto Poly Argazkiak - Fot\u00f3grafo en Errenteria\" \/>\n<meta property=\"article:modified_time\" content=\"2025-11-19T16:52:32+00:00\" \/>\n<meta name=\"twitter:card\" content=\"summary_large_image\" \/>\n<meta name=\"twitter:label1\" content=\"Est. reading time\" \/>\n\t<meta name=\"twitter:data1\" content=\"4 minutua\" \/>\n<script type=\"application\/ld+json\" class=\"yoast-schema-graph\">{\"@context\":\"https:\\\/\\\/schema.org\",\"@graph\":[{\"@type\":\"WebPage\",\"@id\":\"https:\\\/\\\/fotopoly.eus\\\/eu\\\/aviso-legal\\\/\",\"url\":\"https:\\\/\\\/fotopoly.eus\\\/eu\\\/aviso-legal\\\/\",\"name\":\"Aviso Legal - Foto Poly Argazkiak - Fot\u00f3grafo en Errenteria\",\"isPartOf\":{\"@id\":\"https:\\\/\\\/snow-flamingo-245588.hostingersite.com\\\/#website\"},\"datePublished\":\"2025-11-13T15:18:19+00:00\",\"dateModified\":\"2025-11-19T16:52:32+00:00\",\"breadcrumb\":{\"@id\":\"https:\\\/\\\/fotopoly.eus\\\/eu\\\/aviso-legal\\\/#breadcrumb\"},\"inLanguage\":\"eu\",\"potentialAction\":[{\"@type\":\"ReadAction\",\"target\":[\"https:\\\/\\\/fotopoly.eus\\\/eu\\\/aviso-legal\\\/\"]}]},{\"@type\":\"BreadcrumbList\",\"@id\":\"https:\\\/\\\/fotopoly.eus\\\/eu\\\/aviso-legal\\\/#breadcrumb\",\"itemListElement\":[{\"@type\":\"ListItem\",\"position\":1,\"name\":\"Portada\",\"item\":\"https:\\\/\\\/snow-flamingo-245588.hostingersite.com\\\/\"},{\"@type\":\"ListItem\",\"position\":2,\"name\":\"Aviso Legal\"}]},{\"@type\":\"WebSite\",\"@id\":\"https:\\\/\\\/snow-flamingo-245588.hostingersite.com\\\/#website\",\"url\":\"https:\\\/\\\/snow-flamingo-245588.hostingersite.com\\\/\",\"name\":\"Foto Poly Argazkiak - Fot\u00f3grafo en Errenteria\",\"description\":\"Sesiones en estudio y exterior, retratos y eventos, revelado y copias al momento. Imprime tus fotos con calidad profesional y buen asesoramiento.\",\"publisher\":{\"@id\":\"https:\\\/\\\/snow-flamingo-245588.hostingersite.com\\\/#organization\"},\"potentialAction\":[{\"@type\":\"SearchAction\",\"target\":{\"@type\":\"EntryPoint\",\"urlTemplate\":\"https:\\\/\\\/snow-flamingo-245588.hostingersite.com\\\/?s={search_term_string}\"},\"query-input\":{\"@type\":\"PropertyValueSpecification\",\"valueRequired\":true,\"valueName\":\"search_term_string\"}}],\"inLanguage\":\"eu\"},{\"@type\":\"Organization\",\"@id\":\"https:\\\/\\\/snow-flamingo-245588.hostingersite.com\\\/#organization\",\"name\":\"Foto Poly Argazkiak\",\"url\":\"https:\\\/\\\/snow-flamingo-245588.hostingersite.com\\\/\",\"logo\":{\"@type\":\"ImageObject\",\"inLanguage\":\"eu\",\"@id\":\"https:\\\/\\\/snow-flamingo-245588.hostingersite.com\\\/#\\\/schema\\\/logo\\\/image\\\/\",\"url\":\"https:\\\/\\\/fotopoly.eus\\\/wp-content\\\/uploads\\\/2025\\\/11\\\/cropped-logoFotoPolyHorizontal_nobg.png\",\"contentUrl\":\"https:\\\/\\\/fotopoly.eus\\\/wp-content\\\/uploads\\\/2025\\\/11\\\/cropped-logoFotoPolyHorizontal_nobg.png\",\"width\":904,\"height\":283,\"caption\":\"Foto Poly Argazkiak\"},\"image\":{\"@id\":\"https:\\\/\\\/snow-flamingo-245588.hostingersite.com\\\/#\\\/schema\\\/logo\\\/image\\\/\"}}]}<\/script>\n<!-- \/ Yoast SEO plugin. -->","yoast_head_json":{"title":"Aviso Legal - Foto Poly Argazkiak - Fot\u00f3grafo en Errenteria","robots":{"index":"index","follow":"follow","max-snippet":"max-snippet:-1","max-image-preview":"max-image-preview:large","max-video-preview":"max-video-preview:-1"},"canonical":"https:\/\/fotopoly.eus\/eu\/aviso-legal\/","og_locale":"en_US","og_type":"article","og_title":"Aviso Legal - Foto Poly Argazkiak - Fot\u00f3grafo en Errenteria","og_description":"Aviso Legal 1. Informaci\u00f3n general En cumplimiento con el deber de informaci\u00f3n recogido en el art\u00edculo 10 de la Ley 34\/2002, de 11 de julio, de Servicios de la Sociedad de la Informaci\u00f3n y del Comercio Electr\u00f3nico (LSSI-CE), se pone &hellip; Aviso Legal Read More &raquo;","og_url":"https:\/\/fotopoly.eus\/eu\/aviso-legal\/","og_site_name":"Foto Poly Argazkiak - Fot\u00f3grafo en Errenteria","article_modified_time":"2025-11-19T16:52:32+00:00","twitter_card":"summary_large_image","twitter_misc":{"Est. reading time":"4 minutua"},"schema":{"@context":"https:\/\/schema.org","@graph":[{"@type":"WebPage","@id":"https:\/\/fotopoly.eus\/eu\/aviso-legal\/","url":"https:\/\/fotopoly.eus\/eu\/aviso-legal\/","name":"Aviso Legal - Foto Poly Argazkiak - Fot\u00f3grafo en Errenteria","isPartOf":{"@id":"https:\/\/snow-flamingo-245588.hostingersite.com\/#website"},"datePublished":"2025-11-13T15:18:19+00:00","dateModified":"2025-11-19T16:52:32+00:00","breadcrumb":{"@id":"https:\/\/fotopoly.eus\/eu\/aviso-legal\/#breadcrumb"},"inLanguage":"eu","potentialAction":[{"@type":"ReadAction","target":["https:\/\/fotopoly.eus\/eu\/aviso-legal\/"]}]},{"@type":"BreadcrumbList","@id":"https:\/\/fotopoly.eus\/eu\/aviso-legal\/#breadcrumb","itemListElement":[{"@type":"ListItem","position":1,"name":"Portada","item":"https:\/\/snow-flamingo-245588.hostingersite.com\/"},{"@type":"ListItem","position":2,"name":"Aviso Legal"}]},{"@type":"WebSite","@id":"https:\/\/snow-flamingo-245588.hostingersite.com\/#website","url":"https:\/\/snow-flamingo-245588.hostingersite.com\/","name":"Foto Poly Argazkiak - Fot\u00f3grafo en Errenteria","description":"Sesiones en estudio y exterior, retratos y eventos, revelado y copias al momento. Imprime tus fotos con calidad profesional y buen asesoramiento.","publisher":{"@id":"https:\/\/snow-flamingo-245588.hostingersite.com\/#organization"},"potentialAction":[{"@type":"SearchAction","target":{"@type":"EntryPoint","urlTemplate":"https:\/\/snow-flamingo-245588.hostingersite.com\/?s={search_term_string}"},"query-input":{"@type":"PropertyValueSpecification","valueRequired":true,"valueName":"search_term_string"}}],"inLanguage":"eu"},{"@type":"Organization","@id":"https:\/\/snow-flamingo-245588.hostingersite.com\/#organization","name":"Foto Poly Argazkiak","url":"https:\/\/snow-flamingo-245588.hostingersite.com\/","logo":{"@type":"ImageObject","inLanguage":"eu","@id":"https:\/\/snow-flamingo-245588.hostingersite.com\/#\/schema\/logo\/image\/","url":"https:\/\/fotopoly.eus\/wp-content\/uploads\/2025\/11\/cropped-logoFotoPolyHorizontal_nobg.png","contentUrl":"https:\/\/fotopoly.eus\/wp-content\/uploads\/2025\/11\/cropped-logoFotoPolyHorizontal_nobg.png","width":904,"height":283,"caption":"Foto Poly Argazkiak"},"image":{"@id":"https:\/\/snow-flamingo-245588.hostingersite.com\/#\/schema\/logo\/image\/"}}]}},"_hostinger_reach_plugin_has_subscription_block":false,"_hostinger_reach_plugin_is_elementor":false,"featured_image_src":"","featured_image_src_square":false,"rbea_author_info":{"display_name":"gorka.lopez@colectivia.com","author_link":"https:\/\/fotopoly.eus\/eu\/author\/gorka-lopezcolectivia-com\/"},"rbea_excerpt_info":"Aviso Legal 1. Informaci\u00f3n general En cumplimiento con el deber de informaci\u00f3n recogido en el art\u00edculo 10 de la Ley 34\/2002, de 11 de julio, de Servicios de la Sociedad de la Informaci\u00f3n y del Comercio Electr\u00f3nico (LSSI-CE), se pone &hellip;<p class=\"read-more\"> <a class=\"more-link\" href=\"https:\/\/fotopoly.eus\/eu\/aviso-legal\/\"> <span class=\"screen-reader-text\">Aviso Legal<\/span> Read More &raquo;<\/a><\/p>","_links":{"self":[{"href":"https:\/\/fotopoly.eus\/eu\/wp-json\/wp\/v2\/pages\/1940","targetHints":{"allow":["GET"]}}],"collection":[{"href":"https:\/\/fotopoly.eus\/eu\/wp-json\/wp\/v2\/pages"}],"about":[{"href":"https:\/\/fotopoly.eus\/eu\/wp-json\/wp\/v2\/types\/page"}],"author":[{"embeddable":true,"href":"https:\/\/fotopoly.eus\/eu\/wp-json\/wp\/v2\/users\/1"}],"replies":[{"embeddable":true,"href":"https:\/\/fotopoly.eus\/eu\/wp-json\/wp\/v2\/comments?post=1940"}],"version-history":[{"count":54,"href":"https:\/\/fotopoly.eus\/eu\/wp-json\/wp\/v2\/pages\/1940\/revisions"}],"predecessor-version":[{"id":2360,"href":"https:\/\/fotopoly.eus\/eu\/wp-json\/wp\/v2\/pages\/1940\/revisions\/2360"}],"wp:attachment":[{"href":"https:\/\/fotopoly.eus\/eu\/wp-json\/wp\/v2\/media?parent=1940"}],"curies":[{"name":"wp","href":"https:\/\/api.w.org\/{rel}","templated":true}]}}